{"id":3237,"date":"2022-07-15T14:10:06","date_gmt":"2022-07-15T13:10:06","guid":{"rendered":"http:\/\/ammirati.bz.it\/?page_id=3237"},"modified":"2022-07-15T14:49:07","modified_gmt":"2022-07-15T13:49:07","slug":"lieferung-und-montage-fenstern-bozen","status":"publish","type":"page","link":"https:\/\/www.ammirati.bz.it\/de\/lieferung-und-montage-fenstern-bozen\/","title":{"rendered":"Lieferung und Montage von Fenstern in Bozen"},"content":{"rendered":"\n<p>Es gibt viele gute Gr\u00fcnde, in seinem Haus oder der Wohnung neue Fenster einbauen zu lassen. Es k\u00f6nnte sein, dass Sie ein Upgrade auf Metallfenster machen wollen, auf eine andere Rahmenfarbe umstellen oder aber Fenster mit besserer D\u00e4mmung w\u00fcnschen. Vielleicht sind aber auch Ihre alten Fenster defekt und\/oder undicht. Es k\u00f6nnte nat\u00fcrlich auch eine Kombination aus mehreren Gr\u00fcnden vorliegen.&nbsp;<\/p>\n\n\n\n<p>Vermutlich wird aber die verbesserte D\u00e4mmung moderner Fenster der Hauptgrund sein, warum Sie an die Lieferung und Montage von Fenstern in Bozen nachdenken. Dies ist auch wahrlich ein guter Grund, denn Sie k\u00f6nnen eine Menge Geld mit neuen Fenstern sparen.&nbsp;<\/p>\n\n\n\n<h2 class=\"wp-block-heading\">Hohes Einsparpotential durch neue Fenster<\/h2>\n\n\n\n<p>Gerne m\u00f6chten wir Ihnen eine Beispielrechnung aufzeigen, damit Ihnen noch bewusster wird, was Sie durch den Einbau neuer Fenster sparen k\u00f6nnen. Hierzu nehmen wir folgendes Szenario an:<\/p>\n\n\n\n<p>Ihr Haus oder Wohnung verf\u00fcgt \u00fcber 20 Fenster \u00e0 ca. 1,5 qm = 30 qm gesamt. Alte, einfach verglaste Fenster haben einen UW-Wert von 4,7 W pro qmK und neue, moderne, dreifach-verglaste Fenster einen Wert von 0,73 W pro qmK. Hier sind somit gut und gerne 750 Euro und mehr an Einsparungen im Jahr m\u00f6glich.&nbsp;<\/p>\n\n\n\n<p>Diese Einsparungen sind aber nicht nur gut f\u00fcr den Geldbeutel, sondern auch f\u00fcr die Umwelt. Der Energiewert Ihres Hauses oder der Wohnung wird sich deutlich verbessern und damit tun Sie etwas f\u00fcr die Zukunft unserer Kinder und mehr Nachhaltigkeit.&nbsp;<\/p>\n\n\n\n<h3 class=\"wp-block-heading\">Auch der Wert Ihrer Immobilie wird steigen<\/h3>\n\n\n\n<p>Durch den verbesserten Energiewert steigt au\u00dferdem der Wert Ihrer Immobilie und die Kosten f\u00fcr die Lieferung und die Montage der neuen Fenster haben sich ganz sicher nach weniger als 10 Jahren voll amortisiert. Es ist also wirklich eine gute Investition &#8211; und welches Investment macht sich bereits nach einer so kurzen Zeit bezahlt?<\/p>\n\n\n\n<p>Der Einbau neuer Fenster ist also aus vielerlei Hinsicht eine sehr gute Idee &#8211; Sie m\u00fcssen das Projekt einfach nur angehen. Die Ammirati GmbH freut sich auf Ihre Kontaktaufnahme.&nbsp;<\/p>\n\n\n\n<h4 class=\"wp-block-heading\">F\u00fcr weitere Informationen zu unseren Leistungen kontaktieren Sie uns bitte direkt telefonisch oder per E-Mail!<\/h4>\n\n\n\n<h5 style=\"text-align: center;\"> <strong>Cel: <\/strong><a href=\"tel:0473690794\">0473 690794<\/a> <strong>E-mail:<\/strong> <a href=\"mailto:ammiratifra@yahoo.it\">ammiratifra@yahoo.it<\/h5>\n","protected":false},"excerpt":{"rendered":"<p>Es gibt viele gute Gr\u00fcnde, in seinem Haus oder der Wohnung neue Fenster einbauen zu lassen. Es k\u00f6nnte sein, dass Sie ein Upgrade auf Metallfenster machen wollen, auf eine andere Rahmenfarbe umstellen oder aber Fenster mit besserer D\u00e4mmung w\u00fcnschen. Vielleicht sind aber auch Ihre alten Fenster defekt und\/oder undicht. Es k\u00f6nnte nat\u00fcrlich auch eine Kombination [&hellip;]<\/p>\n","protected":false},"author":2,"featured_media":0,"parent":0,"menu_order":0,"comment_status":"closed","ping_status":"closed","template":"","meta":{"footnotes":""},"class_list":["post-3237","page","type-page","status-publish","hentry"],"yoast_head":"<!-- This site is optimized with the Yoast SEO plugin v27.5 - https:\/\/yoast.com\/product\/yoast-seo-wordpress\/ -->\n<title>Lieferung und Montage von Fenstern in Bozen - Ammirati Bauunternehmen<\/title>\n<meta name=\"description\" content=\"Ammirati ist ein spezialisiertes Unternehmen auf die Lieferung und Montage von Fenstern in Bozen. Kontaktiere uns!\" \/>\n<meta name=\"robots\" content=\"index, follow, max-snippet:-1, max-image-preview:large, max-video-preview:-1\" \/>\n<link rel=\"canonical\" href=\"https:\/\/www.ammirati.bz.it\/de\/lieferung-und-montage-fenstern-bozen\/\" \/>\n<meta property=\"og:locale\" content=\"de_DE\" \/>\n<meta property=\"og:type\" content=\"article\" \/>\n<meta property=\"og:title\" content=\"Lieferung und Montage von Fenstern in Bozen - Ammirati Bauunternehmen\" \/>\n<meta property=\"og:description\" content=\"Ammirati ist ein spezialisiertes Unternehmen auf die Lieferung und Montage von Fenstern in Bozen. Kontaktiere uns!\" \/>\n<meta property=\"og:url\" content=\"https:\/\/www.ammirati.bz.it\/de\/lieferung-und-montage-fenstern-bozen\/\" \/>\n<meta property=\"og:site_name\" content=\"Ammirati Bauunternehmen\" \/>\n<meta property=\"article:publisher\" content=\"https:\/\/it-it.facebook.com\/impresaedileammiratisrl\/\" \/>\n<meta property=\"article:modified_time\" content=\"2022-07-15T13:49:07+00:00\" \/>\n<meta property=\"og:image\" content=\"https:\/\/www.ammirati.bz.it\/wp-content\/uploads\/2022\/02\/ammirati-riisanamenti.jpg\" \/>\n\t<meta property=\"og:image:width\" content=\"1000\" \/>\n\t<meta property=\"og:image:height\" content=\"715\" \/>\n\t<meta property=\"og:image:type\" content=\"image\/jpeg\" \/>\n<meta name=\"twitter:card\" content=\"summary_large_image\" \/>\n<meta name=\"twitter:label1\" content=\"Est. reading time\" \/>\n\t<meta name=\"twitter:data1\" content=\"2 minutes\" \/>\n<script type=\"application\/ld+json\" class=\"yoast-schema-graph\">{\"@context\":\"https:\\\/\\\/schema.org\",\"@graph\":[{\"@type\":\"WebPage\",\"@id\":\"https:\\\/\\\/www.ammirati.bz.it\\\/de\\\/lieferung-und-montage-fenstern-bozen\\\/\",\"url\":\"https:\\\/\\\/www.ammirati.bz.it\\\/de\\\/lieferung-und-montage-fenstern-bozen\\\/\",\"name\":\"Lieferung und Montage von Fenstern in Bozen - Ammirati Bauunternehmen\",\"isPartOf\":{\"@id\":\"https:\\\/\\\/www.ammirati.bz.it\\\/de\\\/#website\"},\"datePublished\":\"2022-07-15T13:10:06+00:00\",\"dateModified\":\"2022-07-15T13:49:07+00:00\",\"description\":\"Ammirati ist ein spezialisiertes Unternehmen auf die Lieferung und Montage von Fenstern in Bozen. Kontaktiere uns!\",\"breadcrumb\":{\"@id\":\"https:\\\/\\\/www.ammirati.bz.it\\\/de\\\/lieferung-und-montage-fenstern-bozen\\\/#breadcrumb\"},\"inLanguage\":\"de-DE\",\"potentialAction\":[{\"@type\":\"ReadAction\",\"target\":[\"https:\\\/\\\/www.ammirati.bz.it\\\/de\\\/lieferung-und-montage-fenstern-bozen\\\/\"]}]},{\"@type\":\"BreadcrumbList\",\"@id\":\"https:\\\/\\\/www.ammirati.bz.it\\\/de\\\/lieferung-und-montage-fenstern-bozen\\\/#breadcrumb\",\"itemListElement\":[{\"@type\":\"ListItem\",\"position\":1,\"name\":\"Home\",\"item\":\"https:\\\/\\\/www.ammirati.bz.it\\\/de\\\/\"},{\"@type\":\"ListItem\",\"position\":2,\"name\":\"Lieferung und Montage von Fenstern in Bozen\"}]},{\"@type\":\"WebSite\",\"@id\":\"https:\\\/\\\/www.ammirati.bz.it\\\/de\\\/#website\",\"url\":\"https:\\\/\\\/www.ammirati.bz.it\\\/de\\\/\",\"name\":\"Ammirati Bauunternehmen\",\"description\":\"Costruzioni edili a Bolzano\",\"publisher\":{\"@id\":\"https:\\\/\\\/www.ammirati.bz.it\\\/de\\\/#organization\"},\"potentialAction\":[{\"@type\":\"SearchAction\",\"target\":{\"@type\":\"EntryPoint\",\"urlTemplate\":\"https:\\\/\\\/www.ammirati.bz.it\\\/de\\\/?s={search_term_string}\"},\"query-input\":{\"@type\":\"PropertyValueSpecification\",\"valueRequired\":true,\"valueName\":\"search_term_string\"}}],\"inLanguage\":\"de-DE\"},{\"@type\":\"Organization\",\"@id\":\"https:\\\/\\\/www.ammirati.bz.it\\\/de\\\/#organization\",\"name\":\"Ammirati Bauunternehmen\",\"url\":\"https:\\\/\\\/www.ammirati.bz.it\\\/de\\\/\",\"logo\":{\"@type\":\"ImageObject\",\"inLanguage\":\"de-DE\",\"@id\":\"https:\\\/\\\/www.ammirati.bz.it\\\/de\\\/#\\\/schema\\\/logo\\\/image\\\/\",\"url\":\"https:\\\/\\\/www.ammirati.bz.it\\\/wp-content\\\/uploads\\\/2022\\\/02\\\/Ammirati-logo-web.png\",\"contentUrl\":\"https:\\\/\\\/www.ammirati.bz.it\\\/wp-content\\\/uploads\\\/2022\\\/02\\\/Ammirati-logo-web.png\",\"width\":388,\"height\":65,\"caption\":\"Ammirati Bauunternehmen\"},\"image\":{\"@id\":\"https:\\\/\\\/www.ammirati.bz.it\\\/de\\\/#\\\/schema\\\/logo\\\/image\\\/\"},\"sameAs\":[\"https:\\\/\\\/it-it.facebook.com\\\/impresaedileammiratisrl\\\/\"]}]}<\/script>\n<!-- \/ Yoast SEO plugin. -->","yoast_head_json":{"title":"Lieferung und Montage von Fenstern in Bozen - Ammirati Bauunternehmen","description":"Ammirati ist ein spezialisiertes Unternehmen auf die Lieferung und Montage von Fenstern in Bozen. Kontaktiere uns!","robots":{"index":"index","follow":"follow","max-snippet":"max-snippet:-1","max-image-preview":"max-image-preview:large","max-video-preview":"max-video-preview:-1"},"canonical":"https:\/\/www.ammirati.bz.it\/de\/lieferung-und-montage-fenstern-bozen\/","og_locale":"de_DE","og_type":"article","og_title":"Lieferung und Montage von Fenstern in Bozen - Ammirati Bauunternehmen","og_description":"Ammirati ist ein spezialisiertes Unternehmen auf die Lieferung und Montage von Fenstern in Bozen. Kontaktiere uns!","og_url":"https:\/\/www.ammirati.bz.it\/de\/lieferung-und-montage-fenstern-bozen\/","og_site_name":"Ammirati Bauunternehmen","article_publisher":"https:\/\/it-it.facebook.com\/impresaedileammiratisrl\/","article_modified_time":"2022-07-15T13:49:07+00:00","og_image":[{"width":1000,"height":715,"url":"https:\/\/www.ammirati.bz.it\/wp-content\/uploads\/2022\/02\/ammirati-riisanamenti.jpg","type":"image\/jpeg"}],"twitter_card":"summary_large_image","twitter_misc":{"Est. reading time":"2 minutes"},"schema":{"@context":"https:\/\/schema.org","@graph":[{"@type":"WebPage","@id":"https:\/\/www.ammirati.bz.it\/de\/lieferung-und-montage-fenstern-bozen\/","url":"https:\/\/www.ammirati.bz.it\/de\/lieferung-und-montage-fenstern-bozen\/","name":"Lieferung und Montage von Fenstern in Bozen - Ammirati Bauunternehmen","isPartOf":{"@id":"https:\/\/www.ammirati.bz.it\/de\/#website"},"datePublished":"2022-07-15T13:10:06+00:00","dateModified":"2022-07-15T13:49:07+00:00","description":"Ammirati ist ein spezialisiertes Unternehmen auf die Lieferung und Montage von Fenstern in Bozen. Kontaktiere uns!","breadcrumb":{"@id":"https:\/\/www.ammirati.bz.it\/de\/lieferung-und-montage-fenstern-bozen\/#breadcrumb"},"inLanguage":"de-DE","potentialAction":[{"@type":"ReadAction","target":["https:\/\/www.ammirati.bz.it\/de\/lieferung-und-montage-fenstern-bozen\/"]}]},{"@type":"BreadcrumbList","@id":"https:\/\/www.ammirati.bz.it\/de\/lieferung-und-montage-fenstern-bozen\/#breadcrumb","itemListElement":[{"@type":"ListItem","position":1,"name":"Home","item":"https:\/\/www.ammirati.bz.it\/de\/"},{"@type":"ListItem","position":2,"name":"Lieferung und Montage von Fenstern in Bozen"}]},{"@type":"WebSite","@id":"https:\/\/www.ammirati.bz.it\/de\/#website","url":"https:\/\/www.ammirati.bz.it\/de\/","name":"Ammirati Bauunternehmen","description":"Costruzioni edili a Bolzano","publisher":{"@id":"https:\/\/www.ammirati.bz.it\/de\/#organization"},"potentialAction":[{"@type":"SearchAction","target":{"@type":"EntryPoint","urlTemplate":"https:\/\/www.ammirati.bz.it\/de\/?s={search_term_string}"},"query-input":{"@type":"PropertyValueSpecification","valueRequired":true,"valueName":"search_term_string"}}],"inLanguage":"de-DE"},{"@type":"Organization","@id":"https:\/\/www.ammirati.bz.it\/de\/#organization","name":"Ammirati Bauunternehmen","url":"https:\/\/www.ammirati.bz.it\/de\/","logo":{"@type":"ImageObject","inLanguage":"de-DE","@id":"https:\/\/www.ammirati.bz.it\/de\/#\/schema\/logo\/image\/","url":"https:\/\/www.ammirati.bz.it\/wp-content\/uploads\/2022\/02\/Ammirati-logo-web.png","contentUrl":"https:\/\/www.ammirati.bz.it\/wp-content\/uploads\/2022\/02\/Ammirati-logo-web.png","width":388,"height":65,"caption":"Ammirati Bauunternehmen"},"image":{"@id":"https:\/\/www.ammirati.bz.it\/de\/#\/schema\/logo\/image\/"},"sameAs":["https:\/\/it-it.facebook.com\/impresaedileammiratisrl\/"]}]}},"_links":{"self":[{"href":"https:\/\/www.ammirati.bz.it\/de\/wp-json\/wp\/v2\/pages\/3237","targetHints":{"allow":["GET"]}}],"collection":[{"href":"https:\/\/www.ammirati.bz.it\/de\/wp-json\/wp\/v2\/pages"}],"about":[{"href":"https:\/\/www.ammirati.bz.it\/de\/wp-json\/wp\/v2\/types\/page"}],"author":[{"embeddable":true,"href":"https:\/\/www.ammirati.bz.it\/de\/wp-json\/wp\/v2\/users\/2"}],"replies":[{"embeddable":true,"href":"https:\/\/www.ammirati.bz.it\/de\/wp-json\/wp\/v2\/comments?post=3237"}],"version-history":[{"count":0,"href":"https:\/\/www.ammirati.bz.it\/de\/wp-json\/wp\/v2\/pages\/3237\/revisions"}],"wp:attachment":[{"href":"https:\/\/www.ammirati.bz.it\/de\/wp-json\/wp\/v2\/media?parent=3237"}],"curies":[{"name":"wp","href":"https:\/\/api.w.org\/{rel}","templated":true}]}}