{"id":3233,"date":"2022-07-15T13:59:20","date_gmt":"2022-07-15T12:59:20","guid":{"rendered":"http:\/\/ammirati.bz.it\/?page_id=3233"},"modified":"2023-07-27T14:56:57","modified_gmt":"2023-07-27T13:56:57","slug":"renovierung-der-wohnung-bozen","status":"publish","type":"page","link":"https:\/\/www.ammirati.bz.it\/de\/renovierung\/renovierung-der-wohnung-bozen\/","title":{"rendered":"Renovierung der Wohnung in Bozen"},"content":{"rendered":"\n<p>Wenn Sie an die Renovierung Ihrer Wohnung in Bozen denken, stehen Ihnen bei dem Gedanken an den ganzen Dreck und \u00c4rger wahrscheinlich die Haare zu Berge. Aber warum eigentlich? Immerhin gibt es Profis, die sich um alles k\u00fcmmern, w\u00e4hrend Sie eine Woche in Rom verbringen oder einen zweiw\u00f6chigen Urlaub am Meer machen. Wenn Sie zur\u00fcckkommen, ist alles fertig. W\u00e4re nicht alles neu, w\u00fcrden Sie gar nicht wissen, dass hier renoviert wurde.<\/p>\n\n\n\n<h2 class=\"wp-block-heading\">Und so k\u00f6nnte der perfekte Umbau ablaufen<\/h2>\n\n\n\n<p>Im ersten Schritt lassen Sie sich von der Ammirati GmbH aus Meran ausf\u00fchrlich beraten und daraufhin ein Angebot machen. Parallel sprechen Sie mit einem Umzugsunternehmen, dass sich um das Ausr\u00e4umen und Lagern der M\u00f6bel k\u00fcmmert.<\/p>\n\n\n\n<p>Nat\u00fcrlich gibt es auch Projekte, die deutlich l\u00e4nger dauern k\u00f6nnen, z.B. wenn Sie alle Elektroleitungen, Fenster und T\u00fcren neu machen lassen wollen. In einem solchen Fall sollten Sie vielleicht mit Freunden oder Verwandten sprechen und kl\u00e4ren, ob sie dort f\u00fcr eine zeitlang unterkommen k\u00f6nnen, denn w\u00e4hrend einer Renovierung in der Wohnung zu bleiben bedeutet Stress &#8211; f\u00fcr Sie und die Handwerker. Tun Sie sich das besser nicht an, au\u00dfer vielleicht es ist ein kleines Vorhaben und nur ein Zimmer betroffen.<\/p>\n\n\n\n<h3 class=\"wp-block-heading\">Wichtig ist, alle Leistungen aus einer Hand zu bekommen<\/h3>\n\n\n\n<p>Wenn Sie die Renovierung der Wohnung in Bozen planen, sollten Sie stets daran denken, dass es von gro\u00dfem Vorteil ist, wenn alle Leistungen aus einer Hand zu bekommen. Der zus\u00e4tzliche Stress, den Sie sich antun, wenn mehrere Baufirmen koordiniert werden m\u00fcssen ist das einfach nicht Wert. Vermutlich werden Ihnen auch die Kenntnisse und Zusammenh\u00e4nge fehlen, um das Projekt erfolgreich zu Ende zu bringen. In aller Regel resultiert dies in Verz\u00f6gerungen, Problemen und Anspannung. Um sich das zu ersparen, bitten Sie doch einfach mal die Ammirati GmbH um eine unverbindliche Beratung.<\/p>\n\n\n\n<h4 class=\"wp-block-heading\">F\u00fcr weitere Informationen zu unseren Leistungen kontaktieren Sie uns bitte direkt telefonisch oder per E-Mail!<\/h4>\n\n\n\n<h5 style=\"text-align: center;\"> <strong>Cel: <\/strong><a href=\"tel:0473690794\">0473 690794<\/a> <strong>E-mail:<\/strong> <a href=\"mailto:ammiratifra@yahoo.it\">ammiratifra@yahoo.it<\/h5>\n","protected":false},"excerpt":{"rendered":"<p>Wenn Sie an die Renovierung Ihrer Wohnung in Bozen denken, stehen Ihnen bei dem Gedanken an den ganzen Dreck und \u00c4rger wahrscheinlich die Haare zu Berge. Aber warum eigentlich? Immerhin gibt es Profis, die sich um alles k\u00fcmmern, w\u00e4hrend Sie eine Woche in Rom verbringen oder einen zweiw\u00f6chigen Urlaub am Meer machen. Wenn Sie zur\u00fcckkommen, [&hellip;]<\/p>\n","protected":false},"author":2,"featured_media":0,"parent":3081,"menu_order":0,"comment_status":"closed","ping_status":"closed","template":"","meta":{"footnotes":""},"class_list":["post-3233","page","type-page","status-publish","hentry"],"yoast_head":"<!-- This site is optimized with the Yoast SEO plugin v27.3 - https:\/\/yoast.com\/product\/yoast-seo-wordpress\/ -->\n<title>Renovierung der Wohnung in Bozen - Ammirati Bauunternehmen<\/title>\n<meta name=\"description\" content=\"Ammirati GmbH die seit rund 30 Jahren in Meran ans\u00e4ssige Firma ist f\u00fcr ihr Renovierung der Wohnung in Bozen Bauen mit nur den besten Materialien bekannt.\" \/>\n<meta name=\"robots\" content=\"index, follow, max-snippet:-1, max-image-preview:large, max-video-preview:-1\" \/>\n<link rel=\"canonical\" href=\"https:\/\/www.ammirati.bz.it\/de\/renovierung\/renovierung-der-wohnung-bozen\/\" \/>\n<meta property=\"og:locale\" content=\"de_DE\" \/>\n<meta property=\"og:type\" content=\"article\" \/>\n<meta property=\"og:title\" content=\"Renovierung der Wohnung in Bozen - Ammirati Bauunternehmen\" \/>\n<meta property=\"og:description\" content=\"Ammirati GmbH die seit rund 30 Jahren in Meran ans\u00e4ssige Firma ist f\u00fcr ihr Renovierung der Wohnung in Bozen Bauen mit nur den besten Materialien bekannt.\" \/>\n<meta property=\"og:url\" content=\"https:\/\/www.ammirati.bz.it\/de\/renovierung\/renovierung-der-wohnung-bozen\/\" \/>\n<meta property=\"og:site_name\" content=\"Ammirati Bauunternehmen\" \/>\n<meta property=\"article:publisher\" content=\"https:\/\/it-it.facebook.com\/impresaedileammiratisrl\/\" \/>\n<meta property=\"article:modified_time\" content=\"2023-07-27T13:56:57+00:00\" \/>\n<meta property=\"og:image\" content=\"https:\/\/www.ammirati.bz.it\/wp-content\/uploads\/2022\/02\/ammirati-riisanamenti.jpg\" \/>\n\t<meta property=\"og:image:width\" content=\"1000\" \/>\n\t<meta property=\"og:image:height\" content=\"715\" \/>\n\t<meta property=\"og:image:type\" content=\"image\/jpeg\" \/>\n<meta name=\"twitter:card\" content=\"summary_large_image\" \/>\n<meta name=\"twitter:label1\" content=\"Est. reading time\" \/>\n\t<meta name=\"twitter:data1\" content=\"2 minutes\" \/>\n<script type=\"application\/ld+json\" class=\"yoast-schema-graph\">{\"@context\":\"https:\\\/\\\/schema.org\",\"@graph\":[{\"@type\":\"WebPage\",\"@id\":\"https:\\\/\\\/www.ammirati.bz.it\\\/de\\\/renovierung\\\/renovierung-der-wohnung-bozen\\\/\",\"url\":\"https:\\\/\\\/www.ammirati.bz.it\\\/de\\\/renovierung\\\/renovierung-der-wohnung-bozen\\\/\",\"name\":\"Renovierung der Wohnung in Bozen - Ammirati Bauunternehmen\",\"isPartOf\":{\"@id\":\"https:\\\/\\\/www.ammirati.bz.it\\\/de\\\/#website\"},\"datePublished\":\"2022-07-15T12:59:20+00:00\",\"dateModified\":\"2023-07-27T13:56:57+00:00\",\"description\":\"Ammirati GmbH die seit rund 30 Jahren in Meran ans\u00e4ssige Firma ist f\u00fcr ihr Renovierung der Wohnung in Bozen Bauen mit nur den besten Materialien bekannt.\",\"breadcrumb\":{\"@id\":\"https:\\\/\\\/www.ammirati.bz.it\\\/de\\\/renovierung\\\/renovierung-der-wohnung-bozen\\\/#breadcrumb\"},\"inLanguage\":\"de-DE\",\"potentialAction\":[{\"@type\":\"ReadAction\",\"target\":[\"https:\\\/\\\/www.ammirati.bz.it\\\/de\\\/renovierung\\\/renovierung-der-wohnung-bozen\\\/\"]}]},{\"@type\":\"BreadcrumbList\",\"@id\":\"https:\\\/\\\/www.ammirati.bz.it\\\/de\\\/renovierung\\\/renovierung-der-wohnung-bozen\\\/#breadcrumb\",\"itemListElement\":[{\"@type\":\"ListItem\",\"position\":1,\"name\":\"Home\",\"item\":\"https:\\\/\\\/www.ammirati.bz.it\\\/de\\\/\"},{\"@type\":\"ListItem\",\"position\":2,\"name\":\"Renovierung und Sanierung\",\"item\":\"https:\\\/\\\/www.ammirati.bz.it\\\/de\\\/ristrutturazione-e-risanamento\\\/\"},{\"@type\":\"ListItem\",\"position\":3,\"name\":\"Renovierung der Wohnung in Bozen\"}]},{\"@type\":\"WebSite\",\"@id\":\"https:\\\/\\\/www.ammirati.bz.it\\\/de\\\/#website\",\"url\":\"https:\\\/\\\/www.ammirati.bz.it\\\/de\\\/\",\"name\":\"Ammirati Bauunternehmen\",\"description\":\"Costruzioni edili a Bolzano\",\"publisher\":{\"@id\":\"https:\\\/\\\/www.ammirati.bz.it\\\/de\\\/#organization\"},\"potentialAction\":[{\"@type\":\"SearchAction\",\"target\":{\"@type\":\"EntryPoint\",\"urlTemplate\":\"https:\\\/\\\/www.ammirati.bz.it\\\/de\\\/?s={search_term_string}\"},\"query-input\":{\"@type\":\"PropertyValueSpecification\",\"valueRequired\":true,\"valueName\":\"search_term_string\"}}],\"inLanguage\":\"de-DE\"},{\"@type\":\"Organization\",\"@id\":\"https:\\\/\\\/www.ammirati.bz.it\\\/de\\\/#organization\",\"name\":\"Ammirati Bauunternehmen\",\"url\":\"https:\\\/\\\/www.ammirati.bz.it\\\/de\\\/\",\"logo\":{\"@type\":\"ImageObject\",\"inLanguage\":\"de-DE\",\"@id\":\"https:\\\/\\\/www.ammirati.bz.it\\\/de\\\/#\\\/schema\\\/logo\\\/image\\\/\",\"url\":\"https:\\\/\\\/www.ammirati.bz.it\\\/wp-content\\\/uploads\\\/2022\\\/02\\\/Ammirati-logo-web.png\",\"contentUrl\":\"https:\\\/\\\/www.ammirati.bz.it\\\/wp-content\\\/uploads\\\/2022\\\/02\\\/Ammirati-logo-web.png\",\"width\":388,\"height\":65,\"caption\":\"Ammirati Bauunternehmen\"},\"image\":{\"@id\":\"https:\\\/\\\/www.ammirati.bz.it\\\/de\\\/#\\\/schema\\\/logo\\\/image\\\/\"},\"sameAs\":[\"https:\\\/\\\/it-it.facebook.com\\\/impresaedileammiratisrl\\\/\"]}]}<\/script>\n<!-- \/ Yoast SEO plugin. -->","yoast_head_json":{"title":"Renovierung der Wohnung in Bozen - Ammirati Bauunternehmen","description":"Ammirati GmbH die seit rund 30 Jahren in Meran ans\u00e4ssige Firma ist f\u00fcr ihr Renovierung der Wohnung in Bozen Bauen mit nur den besten Materialien bekannt.","robots":{"index":"index","follow":"follow","max-snippet":"max-snippet:-1","max-image-preview":"max-image-preview:large","max-video-preview":"max-video-preview:-1"},"canonical":"https:\/\/www.ammirati.bz.it\/de\/renovierung\/renovierung-der-wohnung-bozen\/","og_locale":"de_DE","og_type":"article","og_title":"Renovierung der Wohnung in Bozen - Ammirati Bauunternehmen","og_description":"Ammirati GmbH die seit rund 30 Jahren in Meran ans\u00e4ssige Firma ist f\u00fcr ihr Renovierung der Wohnung in Bozen Bauen mit nur den besten Materialien bekannt.","og_url":"https:\/\/www.ammirati.bz.it\/de\/renovierung\/renovierung-der-wohnung-bozen\/","og_site_name":"Ammirati Bauunternehmen","article_publisher":"https:\/\/it-it.facebook.com\/impresaedileammiratisrl\/","article_modified_time":"2023-07-27T13:56:57+00:00","og_image":[{"width":1000,"height":715,"url":"https:\/\/www.ammirati.bz.it\/wp-content\/uploads\/2022\/02\/ammirati-riisanamenti.jpg","type":"image\/jpeg"}],"twitter_card":"summary_large_image","twitter_misc":{"Est. reading time":"2 minutes"},"schema":{"@context":"https:\/\/schema.org","@graph":[{"@type":"WebPage","@id":"https:\/\/www.ammirati.bz.it\/de\/renovierung\/renovierung-der-wohnung-bozen\/","url":"https:\/\/www.ammirati.bz.it\/de\/renovierung\/renovierung-der-wohnung-bozen\/","name":"Renovierung der Wohnung in Bozen - Ammirati Bauunternehmen","isPartOf":{"@id":"https:\/\/www.ammirati.bz.it\/de\/#website"},"datePublished":"2022-07-15T12:59:20+00:00","dateModified":"2023-07-27T13:56:57+00:00","description":"Ammirati GmbH die seit rund 30 Jahren in Meran ans\u00e4ssige Firma ist f\u00fcr ihr Renovierung der Wohnung in Bozen Bauen mit nur den besten Materialien bekannt.","breadcrumb":{"@id":"https:\/\/www.ammirati.bz.it\/de\/renovierung\/renovierung-der-wohnung-bozen\/#breadcrumb"},"inLanguage":"de-DE","potentialAction":[{"@type":"ReadAction","target":["https:\/\/www.ammirati.bz.it\/de\/renovierung\/renovierung-der-wohnung-bozen\/"]}]},{"@type":"BreadcrumbList","@id":"https:\/\/www.ammirati.bz.it\/de\/renovierung\/renovierung-der-wohnung-bozen\/#breadcrumb","itemListElement":[{"@type":"ListItem","position":1,"name":"Home","item":"https:\/\/www.ammirati.bz.it\/de\/"},{"@type":"ListItem","position":2,"name":"Renovierung und Sanierung","item":"https:\/\/www.ammirati.bz.it\/de\/ristrutturazione-e-risanamento\/"},{"@type":"ListItem","position":3,"name":"Renovierung der Wohnung in Bozen"}]},{"@type":"WebSite","@id":"https:\/\/www.ammirati.bz.it\/de\/#website","url":"https:\/\/www.ammirati.bz.it\/de\/","name":"Ammirati Bauunternehmen","description":"Costruzioni edili a Bolzano","publisher":{"@id":"https:\/\/www.ammirati.bz.it\/de\/#organization"},"potentialAction":[{"@type":"SearchAction","target":{"@type":"EntryPoint","urlTemplate":"https:\/\/www.ammirati.bz.it\/de\/?s={search_term_string}"},"query-input":{"@type":"PropertyValueSpecification","valueRequired":true,"valueName":"search_term_string"}}],"inLanguage":"de-DE"},{"@type":"Organization","@id":"https:\/\/www.ammirati.bz.it\/de\/#organization","name":"Ammirati Bauunternehmen","url":"https:\/\/www.ammirati.bz.it\/de\/","logo":{"@type":"ImageObject","inLanguage":"de-DE","@id":"https:\/\/www.ammirati.bz.it\/de\/#\/schema\/logo\/image\/","url":"https:\/\/www.ammirati.bz.it\/wp-content\/uploads\/2022\/02\/Ammirati-logo-web.png","contentUrl":"https:\/\/www.ammirati.bz.it\/wp-content\/uploads\/2022\/02\/Ammirati-logo-web.png","width":388,"height":65,"caption":"Ammirati Bauunternehmen"},"image":{"@id":"https:\/\/www.ammirati.bz.it\/de\/#\/schema\/logo\/image\/"},"sameAs":["https:\/\/it-it.facebook.com\/impresaedileammiratisrl\/"]}]}},"_links":{"self":[{"href":"https:\/\/www.ammirati.bz.it\/de\/wp-json\/wp\/v2\/pages\/3233","targetHints":{"allow":["GET"]}}],"collection":[{"href":"https:\/\/www.ammirati.bz.it\/de\/wp-json\/wp\/v2\/pages"}],"about":[{"href":"https:\/\/www.ammirati.bz.it\/de\/wp-json\/wp\/v2\/types\/page"}],"author":[{"embeddable":true,"href":"https:\/\/www.ammirati.bz.it\/de\/wp-json\/wp\/v2\/users\/2"}],"replies":[{"embeddable":true,"href":"https:\/\/www.ammirati.bz.it\/de\/wp-json\/wp\/v2\/comments?post=3233"}],"version-history":[{"count":0,"href":"https:\/\/www.ammirati.bz.it\/de\/wp-json\/wp\/v2\/pages\/3233\/revisions"}],"up":[{"embeddable":true,"href":"https:\/\/www.ammirati.bz.it\/de\/wp-json\/wp\/v2\/pages\/3081"}],"wp:attachment":[{"href":"https:\/\/www.ammirati.bz.it\/de\/wp-json\/wp\/v2\/media?parent=3233"}],"curies":[{"name":"wp","href":"https:\/\/api.w.org\/{rel}","templated":true}]}}