{"id":3229,"date":"2022-07-15T13:33:01","date_gmt":"2022-07-15T12:33:01","guid":{"rendered":"http:\/\/ammirati.bz.it\/?page_id=3229"},"modified":"2022-07-15T13:33:05","modified_gmt":"2022-07-15T12:33:05","slug":"renovierung-der-kuche-bozen","status":"publish","type":"page","link":"https:\/\/www.ammirati.bz.it\/de\/renovierung-der-kuche-bozen\/","title":{"rendered":"Renovierung der K\u00fcche in Bozen"},"content":{"rendered":"\n<h2 class=\"wp-block-heading\"><strong>Die Renovierung der K\u00fcche in Bozen<\/strong><\/h2>\n\n\n\n<p>Ist Ihre K\u00fcche ein wenig in die Jahre gekommen? M\u00f6chten Sie eine moderne K\u00fcche mit K\u00fccheninsel, die im besten Falle in einen offenen Raumplan integriert ist? Dann sollten Sie einmal \u00fcber die Renovierung Ihrer K\u00fcche nachdenken.<\/p>\n\n\n\n<h3 class=\"wp-block-heading\">Separate K\u00fcche oder offener Raumplan?<\/h3>\n\n\n\n<p>Fr\u00fcher war es ganz klar: Eine K\u00fcche sollte ein separater Raum sein &#8211; nicht zuletzt wegen der Ger\u00fcche. Doch moderne Techniken geben hier vollkommen neue M\u00f6glichkeiten. Die L\u00fcftungstechnik hat derartige Fortschritte gemacht, dass es aus diesem Aspekt heraus gar kein Problem w\u00e4re, die K\u00fcche mit dem Wohn- oder Esszimmer zu verbinden.<\/p>\n\n\n\n<p>Der ganz gro\u00dfe Vorteil liegt im Raumgef\u00fchl und der Zusammengeh\u00f6rigkeit. Hat man G\u00e4ste, zum Dinner eingeladen, muss man einfach einen Gro\u00dfteil der Zeit in der K\u00fcche verbringen, um alles zuzubereiten und kann sich nicht um sie k\u00fcmmern.<\/p>\n\n\n\n<p>Bei einer offenen K\u00fcche hingegen ist man mittendrin und stets dabei. Die R\u00e4ume wirken insgesamt viel gr\u00f6\u00dfer, luftiger, heller und offener. Aber selbst, wenn Sie keine offene K\u00fcche haben wollen, kann eine Renovierung selbstverst\u00e4ndlich eine sehr gute Idee sein.<\/p>\n\n\n\n<h4 class=\"wp-block-heading\">Moderne Ger\u00e4te verbrauchen viel weniger Energie<\/h4>\n\n\n\n<p>Gr\u00fcnde f\u00fcr die Renovierung der K\u00fcche, ob nun in Bozen oder irgendwo anders, gibt es genug. Alte K\u00fcchen sind oft verbaut und der Arbeitsablauf ist nicht optimal. Alte K\u00fcchen verf\u00fcgen meist auch \u00fcber alte K\u00fcchenger\u00e4te, die als wahre Stromfresser bekannt sind. Ihre alte K\u00fcche wurde vielleicht nach dem damaligen Geschmack gestaltet, der sich jedoch heute vollkommen ver\u00e4ndert hat.<\/p>\n\n\n\n<h5 class=\"wp-block-heading\">Lassen Sie die K\u00fcche nur von einem Profi renovieren<\/h5>\n\n\n\n<p>Egal bei welcher Art von Bauvorhaben &#8211; mit einem Profi an Ihrer Seite geht alles viel besser, schneller und zuverl\u00e4ssiger vonstatten. Nur wenn alle Arbeiten aufeinander abgestimmt aus einer Hand kommen, kann ein perfekter Bauablauf gew\u00e4hrleistet werden. Gerade bei K\u00fcchen ist dies sehr komplex und voller Details. Mit der Ammirati GmbH aus Meran haben Sie einen Partner, der von vorneherein ganz in Ihrem Interesse agiert.<\/p>\n\n\n\n<h5 class=\"wp-block-heading\">F\u00fcr weitere Informationen zu unseren Leistungen kontaktieren Sie uns bitte direkt telefonisch oder per E-Mail!<\/h5>\n\n\n\n<h5 style=\"text-align: center;\"> <strong>Cel: <\/strong><a href=\"tel:0473690794\">0473 690794<\/a> <strong>E-mail:<\/strong> <a href=\"mailto:ammiratifra@yahoo.it\">ammiratifra@yahoo.it<\/h5>\n","protected":false},"excerpt":{"rendered":"<p>Die Renovierung der K\u00fcche in Bozen Ist Ihre K\u00fcche ein wenig in die Jahre gekommen? M\u00f6chten Sie eine moderne K\u00fcche mit K\u00fccheninsel, die im besten Falle in einen offenen Raumplan integriert ist? Dann sollten Sie einmal \u00fcber die Renovierung Ihrer K\u00fcche nachdenken. Separate K\u00fcche oder offener Raumplan? Fr\u00fcher war es ganz klar: Eine K\u00fcche sollte [&hellip;]<\/p>\n","protected":false},"author":2,"featured_media":0,"parent":0,"menu_order":0,"comment_status":"closed","ping_status":"closed","template":"","meta":{"footnotes":""},"class_list":["post-3229","page","type-page","status-publish","hentry"],"yoast_head":"<!-- This site is optimized with the Yoast SEO plugin v27.5 - https:\/\/yoast.com\/product\/yoast-seo-wordpress\/ -->\n<title>Renovierung der K\u00fcche in Bozen - Ammirati Bauunternehmen<\/title>\n<meta name=\"description\" content=\"Ammirati GmbH die seit rund 30 Jahren in Meran ans\u00e4ssige Firma ist f\u00fcr ihr Renovierung der K\u00fcche in Bozen Bauen mit nur den besten Materialien bekannt.\" \/>\n<meta name=\"robots\" content=\"index, follow, max-snippet:-1, max-image-preview:large, max-video-preview:-1\" \/>\n<link rel=\"canonical\" href=\"https:\/\/www.ammirati.bz.it\/de\/renovierung-der-kuche-bozen\/\" \/>\n<meta property=\"og:locale\" content=\"de_DE\" \/>\n<meta property=\"og:type\" content=\"article\" \/>\n<meta property=\"og:title\" content=\"Renovierung der K\u00fcche in Bozen - Ammirati Bauunternehmen\" \/>\n<meta property=\"og:description\" content=\"Ammirati GmbH die seit rund 30 Jahren in Meran ans\u00e4ssige Firma ist f\u00fcr ihr Renovierung der K\u00fcche in Bozen Bauen mit nur den besten Materialien bekannt.\" \/>\n<meta property=\"og:url\" content=\"https:\/\/www.ammirati.bz.it\/de\/renovierung-der-kuche-bozen\/\" \/>\n<meta property=\"og:site_name\" content=\"Ammirati Bauunternehmen\" \/>\n<meta property=\"article:publisher\" content=\"https:\/\/it-it.facebook.com\/impresaedileammiratisrl\/\" \/>\n<meta property=\"article:modified_time\" content=\"2022-07-15T12:33:05+00:00\" \/>\n<meta property=\"og:image\" content=\"https:\/\/www.ammirati.bz.it\/wp-content\/uploads\/2022\/02\/ammirati-riisanamenti.jpg\" \/>\n\t<meta property=\"og:image:width\" content=\"1000\" \/>\n\t<meta property=\"og:image:height\" content=\"715\" \/>\n\t<meta property=\"og:image:type\" content=\"image\/jpeg\" \/>\n<meta name=\"twitter:card\" content=\"summary_large_image\" \/>\n<meta name=\"twitter:label1\" content=\"Est. reading time\" \/>\n\t<meta name=\"twitter:data1\" content=\"2 minutes\" \/>\n<script type=\"application\/ld+json\" class=\"yoast-schema-graph\">{\"@context\":\"https:\\\/\\\/schema.org\",\"@graph\":[{\"@type\":\"WebPage\",\"@id\":\"https:\\\/\\\/www.ammirati.bz.it\\\/de\\\/renovierung-der-kuche-bozen\\\/\",\"url\":\"https:\\\/\\\/www.ammirati.bz.it\\\/de\\\/renovierung-der-kuche-bozen\\\/\",\"name\":\"Renovierung der K\u00fcche in Bozen - Ammirati Bauunternehmen\",\"isPartOf\":{\"@id\":\"https:\\\/\\\/www.ammirati.bz.it\\\/de\\\/#website\"},\"datePublished\":\"2022-07-15T12:33:01+00:00\",\"dateModified\":\"2022-07-15T12:33:05+00:00\",\"description\":\"Ammirati GmbH die seit rund 30 Jahren in Meran ans\u00e4ssige Firma ist f\u00fcr ihr Renovierung der K\u00fcche in Bozen Bauen mit nur den besten Materialien bekannt.\",\"breadcrumb\":{\"@id\":\"https:\\\/\\\/www.ammirati.bz.it\\\/de\\\/renovierung-der-kuche-bozen\\\/#breadcrumb\"},\"inLanguage\":\"de-DE\",\"potentialAction\":[{\"@type\":\"ReadAction\",\"target\":[\"https:\\\/\\\/www.ammirati.bz.it\\\/de\\\/renovierung-der-kuche-bozen\\\/\"]}]},{\"@type\":\"BreadcrumbList\",\"@id\":\"https:\\\/\\\/www.ammirati.bz.it\\\/de\\\/renovierung-der-kuche-bozen\\\/#breadcrumb\",\"itemListElement\":[{\"@type\":\"ListItem\",\"position\":1,\"name\":\"Home\",\"item\":\"https:\\\/\\\/www.ammirati.bz.it\\\/de\\\/\"},{\"@type\":\"ListItem\",\"position\":2,\"name\":\"Renovierung der K\u00fcche in Bozen\"}]},{\"@type\":\"WebSite\",\"@id\":\"https:\\\/\\\/www.ammirati.bz.it\\\/de\\\/#website\",\"url\":\"https:\\\/\\\/www.ammirati.bz.it\\\/de\\\/\",\"name\":\"Ammirati Bauunternehmen\",\"description\":\"Costruzioni edili a Bolzano\",\"publisher\":{\"@id\":\"https:\\\/\\\/www.ammirati.bz.it\\\/de\\\/#organization\"},\"potentialAction\":[{\"@type\":\"SearchAction\",\"target\":{\"@type\":\"EntryPoint\",\"urlTemplate\":\"https:\\\/\\\/www.ammirati.bz.it\\\/de\\\/?s={search_term_string}\"},\"query-input\":{\"@type\":\"PropertyValueSpecification\",\"valueRequired\":true,\"valueName\":\"search_term_string\"}}],\"inLanguage\":\"de-DE\"},{\"@type\":\"Organization\",\"@id\":\"https:\\\/\\\/www.ammirati.bz.it\\\/de\\\/#organization\",\"name\":\"Ammirati Bauunternehmen\",\"url\":\"https:\\\/\\\/www.ammirati.bz.it\\\/de\\\/\",\"logo\":{\"@type\":\"ImageObject\",\"inLanguage\":\"de-DE\",\"@id\":\"https:\\\/\\\/www.ammirati.bz.it\\\/de\\\/#\\\/schema\\\/logo\\\/image\\\/\",\"url\":\"https:\\\/\\\/www.ammirati.bz.it\\\/wp-content\\\/uploads\\\/2022\\\/02\\\/Ammirati-logo-web.png\",\"contentUrl\":\"https:\\\/\\\/www.ammirati.bz.it\\\/wp-content\\\/uploads\\\/2022\\\/02\\\/Ammirati-logo-web.png\",\"width\":388,\"height\":65,\"caption\":\"Ammirati Bauunternehmen\"},\"image\":{\"@id\":\"https:\\\/\\\/www.ammirati.bz.it\\\/de\\\/#\\\/schema\\\/logo\\\/image\\\/\"},\"sameAs\":[\"https:\\\/\\\/it-it.facebook.com\\\/impresaedileammiratisrl\\\/\"]}]}<\/script>\n<!-- \/ Yoast SEO plugin. -->","yoast_head_json":{"title":"Renovierung der K\u00fcche in Bozen - Ammirati Bauunternehmen","description":"Ammirati GmbH die seit rund 30 Jahren in Meran ans\u00e4ssige Firma ist f\u00fcr ihr Renovierung der K\u00fcche in Bozen Bauen mit nur den besten Materialien bekannt.","robots":{"index":"index","follow":"follow","max-snippet":"max-snippet:-1","max-image-preview":"max-image-preview:large","max-video-preview":"max-video-preview:-1"},"canonical":"https:\/\/www.ammirati.bz.it\/de\/renovierung-der-kuche-bozen\/","og_locale":"de_DE","og_type":"article","og_title":"Renovierung der K\u00fcche in Bozen - Ammirati Bauunternehmen","og_description":"Ammirati GmbH die seit rund 30 Jahren in Meran ans\u00e4ssige Firma ist f\u00fcr ihr Renovierung der K\u00fcche in Bozen Bauen mit nur den besten Materialien bekannt.","og_url":"https:\/\/www.ammirati.bz.it\/de\/renovierung-der-kuche-bozen\/","og_site_name":"Ammirati Bauunternehmen","article_publisher":"https:\/\/it-it.facebook.com\/impresaedileammiratisrl\/","article_modified_time":"2022-07-15T12:33:05+00:00","og_image":[{"width":1000,"height":715,"url":"https:\/\/www.ammirati.bz.it\/wp-content\/uploads\/2022\/02\/ammirati-riisanamenti.jpg","type":"image\/jpeg"}],"twitter_card":"summary_large_image","twitter_misc":{"Est. reading time":"2 minutes"},"schema":{"@context":"https:\/\/schema.org","@graph":[{"@type":"WebPage","@id":"https:\/\/www.ammirati.bz.it\/de\/renovierung-der-kuche-bozen\/","url":"https:\/\/www.ammirati.bz.it\/de\/renovierung-der-kuche-bozen\/","name":"Renovierung der K\u00fcche in Bozen - Ammirati Bauunternehmen","isPartOf":{"@id":"https:\/\/www.ammirati.bz.it\/de\/#website"},"datePublished":"2022-07-15T12:33:01+00:00","dateModified":"2022-07-15T12:33:05+00:00","description":"Ammirati GmbH die seit rund 30 Jahren in Meran ans\u00e4ssige Firma ist f\u00fcr ihr Renovierung der K\u00fcche in Bozen Bauen mit nur den besten Materialien bekannt.","breadcrumb":{"@id":"https:\/\/www.ammirati.bz.it\/de\/renovierung-der-kuche-bozen\/#breadcrumb"},"inLanguage":"de-DE","potentialAction":[{"@type":"ReadAction","target":["https:\/\/www.ammirati.bz.it\/de\/renovierung-der-kuche-bozen\/"]}]},{"@type":"BreadcrumbList","@id":"https:\/\/www.ammirati.bz.it\/de\/renovierung-der-kuche-bozen\/#breadcrumb","itemListElement":[{"@type":"ListItem","position":1,"name":"Home","item":"https:\/\/www.ammirati.bz.it\/de\/"},{"@type":"ListItem","position":2,"name":"Renovierung der K\u00fcche in Bozen"}]},{"@type":"WebSite","@id":"https:\/\/www.ammirati.bz.it\/de\/#website","url":"https:\/\/www.ammirati.bz.it\/de\/","name":"Ammirati Bauunternehmen","description":"Costruzioni edili a Bolzano","publisher":{"@id":"https:\/\/www.ammirati.bz.it\/de\/#organization"},"potentialAction":[{"@type":"SearchAction","target":{"@type":"EntryPoint","urlTemplate":"https:\/\/www.ammirati.bz.it\/de\/?s={search_term_string}"},"query-input":{"@type":"PropertyValueSpecification","valueRequired":true,"valueName":"search_term_string"}}],"inLanguage":"de-DE"},{"@type":"Organization","@id":"https:\/\/www.ammirati.bz.it\/de\/#organization","name":"Ammirati Bauunternehmen","url":"https:\/\/www.ammirati.bz.it\/de\/","logo":{"@type":"ImageObject","inLanguage":"de-DE","@id":"https:\/\/www.ammirati.bz.it\/de\/#\/schema\/logo\/image\/","url":"https:\/\/www.ammirati.bz.it\/wp-content\/uploads\/2022\/02\/Ammirati-logo-web.png","contentUrl":"https:\/\/www.ammirati.bz.it\/wp-content\/uploads\/2022\/02\/Ammirati-logo-web.png","width":388,"height":65,"caption":"Ammirati Bauunternehmen"},"image":{"@id":"https:\/\/www.ammirati.bz.it\/de\/#\/schema\/logo\/image\/"},"sameAs":["https:\/\/it-it.facebook.com\/impresaedileammiratisrl\/"]}]}},"_links":{"self":[{"href":"https:\/\/www.ammirati.bz.it\/de\/wp-json\/wp\/v2\/pages\/3229","targetHints":{"allow":["GET"]}}],"collection":[{"href":"https:\/\/www.ammirati.bz.it\/de\/wp-json\/wp\/v2\/pages"}],"about":[{"href":"https:\/\/www.ammirati.bz.it\/de\/wp-json\/wp\/v2\/types\/page"}],"author":[{"embeddable":true,"href":"https:\/\/www.ammirati.bz.it\/de\/wp-json\/wp\/v2\/users\/2"}],"replies":[{"embeddable":true,"href":"https:\/\/www.ammirati.bz.it\/de\/wp-json\/wp\/v2\/comments?post=3229"}],"version-history":[{"count":0,"href":"https:\/\/www.ammirati.bz.it\/de\/wp-json\/wp\/v2\/pages\/3229\/revisions"}],"wp:attachment":[{"href":"https:\/\/www.ammirati.bz.it\/de\/wp-json\/wp\/v2\/media?parent=3229"}],"curies":[{"name":"wp","href":"https:\/\/api.w.org\/{rel}","templated":true}]}}