{"id":3227,"date":"2022-07-15T13:26:25","date_gmt":"2022-07-15T12:26:25","guid":{"rendered":"http:\/\/ammirati.bz.it\/?page_id=3227"},"modified":"2023-07-27T14:58:18","modified_gmt":"2023-07-27T13:58:18","slug":"renovierung-des-hauses-bozen","status":"publish","type":"page","link":"https:\/\/www.ammirati.bz.it\/de\/renovierung\/renovierung-des-hauses-bozen\/","title":{"rendered":"Renovierung des Hauses in Bozen"},"content":{"rendered":"\n<h2 class=\"wp-block-heading\"><strong>Die Renovierung des Hauses in Bozen braucht einen erfahrenen Partner<\/strong><\/h2>\n\n\n\n<p>Eine Renovierung ansich ist schon Stress genug. Da braucht man nicht auch noch unn\u00f6tigen \u00c4rger durch die Wahl eines schlechten Bauunternehmens. Es gibt den alten Spruch: Wer keine Sorgen hat, der baut \u2026 denn dann hat man in aller Regel reichlich Sorgen und Probleme.<\/p>\n\n\n\n<p>Nicht so, wenn Sie sich in die bew\u00e4hrten H\u00e4nde eines erfahrenen und professionell arbeitenden Bauunternehmen wie die Ammirati GmbH begeben. Die seit rund 30 Jahren in Meran ans\u00e4ssige Firma ist f\u00fcr ihr fristgerechtes Bauen mit nur den besten Materialien bekannt.<\/p>\n\n\n\n<h3 class=\"wp-block-heading\">Nur einen einzigen Ansprechpartner f\u00fcr alles<\/h3>\n\n\n\n<p>Vermutlich kennen Sie sich im Bauen nicht aus &#8211; das m\u00fcssen Sie auch gar nicht. Aber dann sollten Sie in jedem Fall einen Partner w\u00e4hlen, der Ihnen alles aus einer Hand anbieten kann. Ansonsten ist ihr Bauprojekt wirklich in ernster Gefahr. Viele Gewerke sind voneinander abh\u00e4ngig. Ein Maler kann erst die W\u00e4nde streichen, wenn der Elektriker zuvor alle Kabel verlegt hat. Ein Fliesenleger kann erst neue Fliesen legen, wenn alle Sanit\u00e4rarbeiten abgeschlossen sind.&nbsp;<\/p>\n\n\n\n<p>Laufen diese Gewerke nicht an einer Stelle zusammen, wird es zu Abstimmungsproblemen kommen und die eine Firma es auf die andere schieben und so weiter und so weiter. Die Folge: Die Renovierung des Hauses in Bozen wird sich massiv verz\u00f6gern und sicher auch teurer werden.<\/p>\n\n\n\n<p>Die Ammirati GmbH vereint alle Fachleute unter einem Dach und erm\u00f6glicht so einen perfekt aufeinander abgestimmten Bauablauf. Hier wei\u00df jeder, wann, was zu tun ist und die Frist kann am Ende eingehalten werden. Veronica Baboi ist die gute Seele im B\u00fcro des Unternehmens und wird Ihre Anfrage gerne entgegennehmen.<\/p>\n\n\n\n<h4 class=\"wp-block-heading\">Besichtigung &#8211; Beratung &#8211; Angebot &#8211; Auftrag &#8211; Fristgerechte Fertigstellung<\/h4>\n\n\n\n<p>Dies sind die \u00fcblichen Schritte bei der Renovierung des Hauses in Bozen und Umgebung. Nach einer Besichtigung der R\u00e4umlichkeiten und einer Beratung, erhalten Sie ein unverbindliches Angebot. Nach Ihrer Freigabe wird der Auftrag ausgef\u00fchrt und so eine fristgerechte Fertigstellung garantiert.<\/p>\n\n\n\n<h5 class=\"wp-block-heading\">F\u00fcr weitere Informationen zu unseren Leistungen kontaktieren Sie uns bitte direkt telefonisch oder per E-Mail!<\/h5>\n\n\n\n<h5 style=\"text-align: center;\"> <strong>Cel: <\/strong><a href=\"tel:0473690794\">0473 690794<\/a> <strong>E-mail:<\/strong> <a href=\"mailto:ammiratifra@yahoo.it\">ammiratifra@yahoo.it<\/h5>\n","protected":false},"excerpt":{"rendered":"<p>Die Renovierung des Hauses in Bozen braucht einen erfahrenen Partner Eine Renovierung ansich ist schon Stress genug. Da braucht man nicht auch noch unn\u00f6tigen \u00c4rger durch die Wahl eines schlechten Bauunternehmens. Es gibt den alten Spruch: Wer keine Sorgen hat, der baut \u2026 denn dann hat man in aller Regel reichlich Sorgen und Probleme. Nicht [&hellip;]<\/p>\n","protected":false},"author":2,"featured_media":0,"parent":3081,"menu_order":0,"comment_status":"closed","ping_status":"closed","template":"","meta":{"footnotes":""},"class_list":["post-3227","page","type-page","status-publish","hentry"],"yoast_head":"<!-- This site is optimized with the Yoast SEO plugin v27.3 - https:\/\/yoast.com\/product\/yoast-seo-wordpress\/ -->\n<title>Renovierung des Hauses in Bozen - Ammirati Bauunternehmen<\/title>\n<meta name=\"description\" content=\"Ammirati GmbH die seit rund 30 Jahren in Meran ans\u00e4ssige Firma ist f\u00fcr ihr Renovierung des Hauses in Bozen Bauen mit nur den besten Materialien bekannt.\" \/>\n<meta name=\"robots\" content=\"index, follow, max-snippet:-1, max-image-preview:large, max-video-preview:-1\" \/>\n<link rel=\"canonical\" href=\"https:\/\/www.ammirati.bz.it\/de\/renovierung\/renovierung-des-hauses-bozen\/\" \/>\n<meta property=\"og:locale\" content=\"de_DE\" \/>\n<meta property=\"og:type\" content=\"article\" \/>\n<meta property=\"og:title\" content=\"Renovierung des Hauses in Bozen - Ammirati Bauunternehmen\" \/>\n<meta property=\"og:description\" content=\"Ammirati GmbH die seit rund 30 Jahren in Meran ans\u00e4ssige Firma ist f\u00fcr ihr Renovierung des Hauses in Bozen Bauen mit nur den besten Materialien bekannt.\" \/>\n<meta property=\"og:url\" content=\"https:\/\/www.ammirati.bz.it\/de\/renovierung\/renovierung-des-hauses-bozen\/\" \/>\n<meta property=\"og:site_name\" content=\"Ammirati Bauunternehmen\" \/>\n<meta property=\"article:publisher\" content=\"https:\/\/it-it.facebook.com\/impresaedileammiratisrl\/\" \/>\n<meta property=\"article:modified_time\" content=\"2023-07-27T13:58:18+00:00\" \/>\n<meta property=\"og:image\" content=\"https:\/\/www.ammirati.bz.it\/wp-content\/uploads\/2022\/02\/ammirati-riisanamenti.jpg\" \/>\n\t<meta property=\"og:image:width\" content=\"1000\" \/>\n\t<meta property=\"og:image:height\" content=\"715\" \/>\n\t<meta property=\"og:image:type\" content=\"image\/jpeg\" \/>\n<meta name=\"twitter:card\" content=\"summary_large_image\" \/>\n<meta name=\"twitter:label1\" content=\"Est. reading time\" \/>\n\t<meta name=\"twitter:data1\" content=\"2 minutes\" \/>\n<script type=\"application\/ld+json\" class=\"yoast-schema-graph\">{\"@context\":\"https:\\\/\\\/schema.org\",\"@graph\":[{\"@type\":\"WebPage\",\"@id\":\"https:\\\/\\\/www.ammirati.bz.it\\\/de\\\/renovierung\\\/renovierung-des-hauses-bozen\\\/\",\"url\":\"https:\\\/\\\/www.ammirati.bz.it\\\/de\\\/renovierung\\\/renovierung-des-hauses-bozen\\\/\",\"name\":\"Renovierung des Hauses in Bozen - Ammirati Bauunternehmen\",\"isPartOf\":{\"@id\":\"https:\\\/\\\/www.ammirati.bz.it\\\/de\\\/#website\"},\"datePublished\":\"2022-07-15T12:26:25+00:00\",\"dateModified\":\"2023-07-27T13:58:18+00:00\",\"description\":\"Ammirati GmbH die seit rund 30 Jahren in Meran ans\u00e4ssige Firma ist f\u00fcr ihr Renovierung des Hauses in Bozen Bauen mit nur den besten Materialien bekannt.\",\"breadcrumb\":{\"@id\":\"https:\\\/\\\/www.ammirati.bz.it\\\/de\\\/renovierung\\\/renovierung-des-hauses-bozen\\\/#breadcrumb\"},\"inLanguage\":\"de-DE\",\"potentialAction\":[{\"@type\":\"ReadAction\",\"target\":[\"https:\\\/\\\/www.ammirati.bz.it\\\/de\\\/renovierung\\\/renovierung-des-hauses-bozen\\\/\"]}]},{\"@type\":\"BreadcrumbList\",\"@id\":\"https:\\\/\\\/www.ammirati.bz.it\\\/de\\\/renovierung\\\/renovierung-des-hauses-bozen\\\/#breadcrumb\",\"itemListElement\":[{\"@type\":\"ListItem\",\"position\":1,\"name\":\"Home\",\"item\":\"https:\\\/\\\/www.ammirati.bz.it\\\/de\\\/\"},{\"@type\":\"ListItem\",\"position\":2,\"name\":\"Renovierung und Sanierung\",\"item\":\"https:\\\/\\\/www.ammirati.bz.it\\\/de\\\/ristrutturazione-e-risanamento\\\/\"},{\"@type\":\"ListItem\",\"position\":3,\"name\":\"Renovierung des Hauses in Bozen\"}]},{\"@type\":\"WebSite\",\"@id\":\"https:\\\/\\\/www.ammirati.bz.it\\\/de\\\/#website\",\"url\":\"https:\\\/\\\/www.ammirati.bz.it\\\/de\\\/\",\"name\":\"Ammirati Bauunternehmen\",\"description\":\"Costruzioni edili a Bolzano\",\"publisher\":{\"@id\":\"https:\\\/\\\/www.ammirati.bz.it\\\/de\\\/#organization\"},\"potentialAction\":[{\"@type\":\"SearchAction\",\"target\":{\"@type\":\"EntryPoint\",\"urlTemplate\":\"https:\\\/\\\/www.ammirati.bz.it\\\/de\\\/?s={search_term_string}\"},\"query-input\":{\"@type\":\"PropertyValueSpecification\",\"valueRequired\":true,\"valueName\":\"search_term_string\"}}],\"inLanguage\":\"de-DE\"},{\"@type\":\"Organization\",\"@id\":\"https:\\\/\\\/www.ammirati.bz.it\\\/de\\\/#organization\",\"name\":\"Ammirati Bauunternehmen\",\"url\":\"https:\\\/\\\/www.ammirati.bz.it\\\/de\\\/\",\"logo\":{\"@type\":\"ImageObject\",\"inLanguage\":\"de-DE\",\"@id\":\"https:\\\/\\\/www.ammirati.bz.it\\\/de\\\/#\\\/schema\\\/logo\\\/image\\\/\",\"url\":\"https:\\\/\\\/www.ammirati.bz.it\\\/wp-content\\\/uploads\\\/2022\\\/02\\\/Ammirati-logo-web.png\",\"contentUrl\":\"https:\\\/\\\/www.ammirati.bz.it\\\/wp-content\\\/uploads\\\/2022\\\/02\\\/Ammirati-logo-web.png\",\"width\":388,\"height\":65,\"caption\":\"Ammirati Bauunternehmen\"},\"image\":{\"@id\":\"https:\\\/\\\/www.ammirati.bz.it\\\/de\\\/#\\\/schema\\\/logo\\\/image\\\/\"},\"sameAs\":[\"https:\\\/\\\/it-it.facebook.com\\\/impresaedileammiratisrl\\\/\"]}]}<\/script>\n<!-- \/ Yoast SEO plugin. -->","yoast_head_json":{"title":"Renovierung des Hauses in Bozen - Ammirati Bauunternehmen","description":"Ammirati GmbH die seit rund 30 Jahren in Meran ans\u00e4ssige Firma ist f\u00fcr ihr Renovierung des Hauses in Bozen Bauen mit nur den besten Materialien bekannt.","robots":{"index":"index","follow":"follow","max-snippet":"max-snippet:-1","max-image-preview":"max-image-preview:large","max-video-preview":"max-video-preview:-1"},"canonical":"https:\/\/www.ammirati.bz.it\/de\/renovierung\/renovierung-des-hauses-bozen\/","og_locale":"de_DE","og_type":"article","og_title":"Renovierung des Hauses in Bozen - Ammirati Bauunternehmen","og_description":"Ammirati GmbH die seit rund 30 Jahren in Meran ans\u00e4ssige Firma ist f\u00fcr ihr Renovierung des Hauses in Bozen Bauen mit nur den besten Materialien bekannt.","og_url":"https:\/\/www.ammirati.bz.it\/de\/renovierung\/renovierung-des-hauses-bozen\/","og_site_name":"Ammirati Bauunternehmen","article_publisher":"https:\/\/it-it.facebook.com\/impresaedileammiratisrl\/","article_modified_time":"2023-07-27T13:58:18+00:00","og_image":[{"width":1000,"height":715,"url":"https:\/\/www.ammirati.bz.it\/wp-content\/uploads\/2022\/02\/ammirati-riisanamenti.jpg","type":"image\/jpeg"}],"twitter_card":"summary_large_image","twitter_misc":{"Est. reading time":"2 minutes"},"schema":{"@context":"https:\/\/schema.org","@graph":[{"@type":"WebPage","@id":"https:\/\/www.ammirati.bz.it\/de\/renovierung\/renovierung-des-hauses-bozen\/","url":"https:\/\/www.ammirati.bz.it\/de\/renovierung\/renovierung-des-hauses-bozen\/","name":"Renovierung des Hauses in Bozen - Ammirati Bauunternehmen","isPartOf":{"@id":"https:\/\/www.ammirati.bz.it\/de\/#website"},"datePublished":"2022-07-15T12:26:25+00:00","dateModified":"2023-07-27T13:58:18+00:00","description":"Ammirati GmbH die seit rund 30 Jahren in Meran ans\u00e4ssige Firma ist f\u00fcr ihr Renovierung des Hauses in Bozen Bauen mit nur den besten Materialien bekannt.","breadcrumb":{"@id":"https:\/\/www.ammirati.bz.it\/de\/renovierung\/renovierung-des-hauses-bozen\/#breadcrumb"},"inLanguage":"de-DE","potentialAction":[{"@type":"ReadAction","target":["https:\/\/www.ammirati.bz.it\/de\/renovierung\/renovierung-des-hauses-bozen\/"]}]},{"@type":"BreadcrumbList","@id":"https:\/\/www.ammirati.bz.it\/de\/renovierung\/renovierung-des-hauses-bozen\/#breadcrumb","itemListElement":[{"@type":"ListItem","position":1,"name":"Home","item":"https:\/\/www.ammirati.bz.it\/de\/"},{"@type":"ListItem","position":2,"name":"Renovierung und Sanierung","item":"https:\/\/www.ammirati.bz.it\/de\/ristrutturazione-e-risanamento\/"},{"@type":"ListItem","position":3,"name":"Renovierung des Hauses in Bozen"}]},{"@type":"WebSite","@id":"https:\/\/www.ammirati.bz.it\/de\/#website","url":"https:\/\/www.ammirati.bz.it\/de\/","name":"Ammirati Bauunternehmen","description":"Costruzioni edili a Bolzano","publisher":{"@id":"https:\/\/www.ammirati.bz.it\/de\/#organization"},"potentialAction":[{"@type":"SearchAction","target":{"@type":"EntryPoint","urlTemplate":"https:\/\/www.ammirati.bz.it\/de\/?s={search_term_string}"},"query-input":{"@type":"PropertyValueSpecification","valueRequired":true,"valueName":"search_term_string"}}],"inLanguage":"de-DE"},{"@type":"Organization","@id":"https:\/\/www.ammirati.bz.it\/de\/#organization","name":"Ammirati Bauunternehmen","url":"https:\/\/www.ammirati.bz.it\/de\/","logo":{"@type":"ImageObject","inLanguage":"de-DE","@id":"https:\/\/www.ammirati.bz.it\/de\/#\/schema\/logo\/image\/","url":"https:\/\/www.ammirati.bz.it\/wp-content\/uploads\/2022\/02\/Ammirati-logo-web.png","contentUrl":"https:\/\/www.ammirati.bz.it\/wp-content\/uploads\/2022\/02\/Ammirati-logo-web.png","width":388,"height":65,"caption":"Ammirati Bauunternehmen"},"image":{"@id":"https:\/\/www.ammirati.bz.it\/de\/#\/schema\/logo\/image\/"},"sameAs":["https:\/\/it-it.facebook.com\/impresaedileammiratisrl\/"]}]}},"_links":{"self":[{"href":"https:\/\/www.ammirati.bz.it\/de\/wp-json\/wp\/v2\/pages\/3227","targetHints":{"allow":["GET"]}}],"collection":[{"href":"https:\/\/www.ammirati.bz.it\/de\/wp-json\/wp\/v2\/pages"}],"about":[{"href":"https:\/\/www.ammirati.bz.it\/de\/wp-json\/wp\/v2\/types\/page"}],"author":[{"embeddable":true,"href":"https:\/\/www.ammirati.bz.it\/de\/wp-json\/wp\/v2\/users\/2"}],"replies":[{"embeddable":true,"href":"https:\/\/www.ammirati.bz.it\/de\/wp-json\/wp\/v2\/comments?post=3227"}],"version-history":[{"count":0,"href":"https:\/\/www.ammirati.bz.it\/de\/wp-json\/wp\/v2\/pages\/3227\/revisions"}],"up":[{"embeddable":true,"href":"https:\/\/www.ammirati.bz.it\/de\/wp-json\/wp\/v2\/pages\/3081"}],"wp:attachment":[{"href":"https:\/\/www.ammirati.bz.it\/de\/wp-json\/wp\/v2\/media?parent=3227"}],"curies":[{"name":"wp","href":"https:\/\/api.w.org\/{rel}","templated":true}]}}