{"id":3225,"date":"2022-07-15T13:19:15","date_gmt":"2022-07-15T12:19:15","guid":{"rendered":"http:\/\/ammirati.bz.it\/?page_id=3225"},"modified":"2023-07-27T14:59:25","modified_gmt":"2023-07-27T13:59:25","slug":"umbau-buros-bozen","status":"publish","type":"page","link":"https:\/\/www.ammirati.bz.it\/de\/renovierung\/umbau-buros-bozen\/","title":{"rendered":"Umbau B\u00fcros in Bozen"},"content":{"rendered":"\n<h2 class=\"wp-block-heading\"><strong>Sie planen den Umbau von B\u00fcros in Bozen?<\/strong><\/h2>\n\n\n\n<p>Sie m\u00f6chten sich ver\u00e4ndern? Sie m\u00f6chten modernisieren und Sie m\u00f6chten Ihre B\u00fcros vielleicht den Anforderungen einer neuen Zeit anpassen? Schieben Sie ein solches Projekt nicht auf die lange Bank &#8211; je fr\u00fcher Sie es in Angriff nehmen, desto schneller k\u00f6nnen Sie in dem neuen und sicher deutlich effizienteren, freundlicheren und Mitarbeiter-orientierten B\u00fcro arbeiten.<\/p>\n\n\n\n<h3 class=\"wp-block-heading\">Wo liegen die Herausforderungen und Trends f\u00fcr B\u00fcros 2022?<\/h3>\n\n\n\n<p>B\u00fcros sind heute anders als fr\u00fcher &#8211; viel anders. Wo fr\u00fcher jeder Mitarbeiter einen eigenen Schreibtisch mit einer Workstation hatte, gibt es heute eher Teams, die je nach Projekt neu zusammengesetzt werden. Jeder arbeitet an einem Laptop &#8211; mal am Schreibtisch, mal am Stehpult, mal in der Gruppe, mal auf einem Loungesessel ganz alleine oder eben auch im Home Office.&nbsp;<\/p>\n\n\n\n<p>Um diesen neuen Anforderungen gerecht zu werden und um Ihr B\u00fcro (noch) mitarbeiterfreundlicher zu machen, sollten Sie einmal \u00fcber einen Umbau Ihrer B\u00fcros in Bozen und Umgebung nachdenken.<\/p>\n\n\n\n<h4 class=\"wp-block-heading\">Hier einige der aktuellen Trends in der \u00dcbersicht<\/h4>\n\n\n\n<ul class=\"wp-block-list\">\n<li>Mehr Nachhaltigkeit durch die Verwendung umweltfreundlicher Materialien.<\/li>\n\n\n\n<li>Mehr Lebensfreude durch frische Farben und einen modernen Look.<\/li>\n\n\n\n<li>Projektorientiertes Arbeiten: Keine festen Schreibtische&nbsp;<\/li>\n\n\n\n<li>Entspanntes Arbeiten durch die Einbindung von Lounge Ecken und kleinen Besprechnungseinheiten.<\/li>\n\n\n\n<li>Ber\u00fccksichtigung von Homeoffice &#8211; nicht alle Mitarbeiter sind immer zur gleichen Zeit im B\u00fcro. Daraus folgt eine Reduzierung der Pl\u00e4tze und eine Auflockerung der Atmosph\u00e4re.<\/li>\n<\/ul>\n\n\n\n<h5 class=\"wp-block-heading\">Der richtige Partner beim Umbau Ihres B\u00fcros in Bozen und Umgebung<\/h5>\n\n\n\n<p>Wenn Sie sich zu einem Umbau Ihrer B\u00fcros in Bozen und Umgebung entschieden haben, brauchen Sie den richtigen Partner. Ein in diesem Bereich erfahrenen Bauunternehmer, wie die Ammirati GmbH. Das Unternehmen steht seit 30 Jahren f\u00fcr Professionalit\u00e4t und fristgerechtes Bauen. Lassen Sie sich am besten diesen Monat noch kostenlos beraten und ein unverbindliches Angebot erstellen.<\/p>\n\n\n\n<h5 class=\"wp-block-heading\">F\u00fcr weitere Informationen zu unseren Leistungen kontaktieren Sie uns bitte direkt telefonisch oder per E-Mail!<\/h5>\n\n\n\n<h5 style=\"text-align: center;\"> <strong>Cel: <\/strong><a href=\"tel:0473690794\">0473 690794<\/a> <strong>E-mail:<\/strong> <a href=\"mailto:ammiratifra@yahoo.it\">ammiratifra@yahoo.it<\/h5>\n","protected":false},"excerpt":{"rendered":"<p>Sie planen den Umbau von B\u00fcros in Bozen? Sie m\u00f6chten sich ver\u00e4ndern? Sie m\u00f6chten modernisieren und Sie m\u00f6chten Ihre B\u00fcros vielleicht den Anforderungen einer neuen Zeit anpassen? Schieben Sie ein solches Projekt nicht auf die lange Bank &#8211; je fr\u00fcher Sie es in Angriff nehmen, desto schneller k\u00f6nnen Sie in dem neuen und sicher deutlich [&hellip;]<\/p>\n","protected":false},"author":2,"featured_media":0,"parent":3081,"menu_order":0,"comment_status":"closed","ping_status":"closed","template":"","meta":{"footnotes":""},"class_list":["post-3225","page","type-page","status-publish","hentry"],"yoast_head":"<!-- This site is optimized with the Yoast SEO plugin v27.3 - https:\/\/yoast.com\/product\/yoast-seo-wordpress\/ -->\n<title>Umbau B\u00fcros in Bozen - Ammirati Bauunternehmen<\/title>\n<meta name=\"description\" content=\"Wenn Sie sich zu einem Umbau Ihrer B\u00fcros in Bozen und Umgebung entschieden haben, brauchen Sie den richtigen Partner wie die Ammirati GmbH.\" \/>\n<meta name=\"robots\" content=\"index, follow, max-snippet:-1, max-image-preview:large, max-video-preview:-1\" \/>\n<link rel=\"canonical\" href=\"https:\/\/www.ammirati.bz.it\/de\/renovierung\/umbau-buros-bozen\/\" \/>\n<meta property=\"og:locale\" content=\"de_DE\" \/>\n<meta property=\"og:type\" content=\"article\" \/>\n<meta property=\"og:title\" content=\"Umbau B\u00fcros in Bozen - Ammirati Bauunternehmen\" \/>\n<meta property=\"og:description\" content=\"Wenn Sie sich zu einem Umbau Ihrer B\u00fcros in Bozen und Umgebung entschieden haben, brauchen Sie den richtigen Partner wie die Ammirati GmbH.\" \/>\n<meta property=\"og:url\" content=\"https:\/\/www.ammirati.bz.it\/de\/renovierung\/umbau-buros-bozen\/\" \/>\n<meta property=\"og:site_name\" content=\"Ammirati Bauunternehmen\" \/>\n<meta property=\"article:publisher\" content=\"https:\/\/it-it.facebook.com\/impresaedileammiratisrl\/\" \/>\n<meta property=\"article:modified_time\" content=\"2023-07-27T13:59:25+00:00\" \/>\n<meta property=\"og:image\" content=\"https:\/\/www.ammirati.bz.it\/wp-content\/uploads\/2022\/02\/ammirati-riisanamenti.jpg\" \/>\n\t<meta property=\"og:image:width\" content=\"1000\" \/>\n\t<meta property=\"og:image:height\" content=\"715\" \/>\n\t<meta property=\"og:image:type\" content=\"image\/jpeg\" \/>\n<meta name=\"twitter:card\" content=\"summary_large_image\" \/>\n<meta name=\"twitter:label1\" content=\"Est. reading time\" \/>\n\t<meta name=\"twitter:data1\" content=\"2 minutes\" \/>\n<script type=\"application\/ld+json\" class=\"yoast-schema-graph\">{\"@context\":\"https:\\\/\\\/schema.org\",\"@graph\":[{\"@type\":\"WebPage\",\"@id\":\"https:\\\/\\\/www.ammirati.bz.it\\\/de\\\/renovierung\\\/umbau-buros-bozen\\\/\",\"url\":\"https:\\\/\\\/www.ammirati.bz.it\\\/de\\\/renovierung\\\/umbau-buros-bozen\\\/\",\"name\":\"Umbau B\u00fcros in Bozen - Ammirati Bauunternehmen\",\"isPartOf\":{\"@id\":\"https:\\\/\\\/www.ammirati.bz.it\\\/de\\\/#website\"},\"datePublished\":\"2022-07-15T12:19:15+00:00\",\"dateModified\":\"2023-07-27T13:59:25+00:00\",\"description\":\"Wenn Sie sich zu einem Umbau Ihrer B\u00fcros in Bozen und Umgebung entschieden haben, brauchen Sie den richtigen Partner wie die Ammirati GmbH.\",\"breadcrumb\":{\"@id\":\"https:\\\/\\\/www.ammirati.bz.it\\\/de\\\/renovierung\\\/umbau-buros-bozen\\\/#breadcrumb\"},\"inLanguage\":\"de-DE\",\"potentialAction\":[{\"@type\":\"ReadAction\",\"target\":[\"https:\\\/\\\/www.ammirati.bz.it\\\/de\\\/renovierung\\\/umbau-buros-bozen\\\/\"]}]},{\"@type\":\"BreadcrumbList\",\"@id\":\"https:\\\/\\\/www.ammirati.bz.it\\\/de\\\/renovierung\\\/umbau-buros-bozen\\\/#breadcrumb\",\"itemListElement\":[{\"@type\":\"ListItem\",\"position\":1,\"name\":\"Home\",\"item\":\"https:\\\/\\\/www.ammirati.bz.it\\\/de\\\/\"},{\"@type\":\"ListItem\",\"position\":2,\"name\":\"Renovierung und Sanierung\",\"item\":\"https:\\\/\\\/www.ammirati.bz.it\\\/de\\\/ristrutturazione-e-risanamento\\\/\"},{\"@type\":\"ListItem\",\"position\":3,\"name\":\"Umbau B\u00fcros in Bozen\"}]},{\"@type\":\"WebSite\",\"@id\":\"https:\\\/\\\/www.ammirati.bz.it\\\/de\\\/#website\",\"url\":\"https:\\\/\\\/www.ammirati.bz.it\\\/de\\\/\",\"name\":\"Ammirati Bauunternehmen\",\"description\":\"Costruzioni edili a Bolzano\",\"publisher\":{\"@id\":\"https:\\\/\\\/www.ammirati.bz.it\\\/de\\\/#organization\"},\"potentialAction\":[{\"@type\":\"SearchAction\",\"target\":{\"@type\":\"EntryPoint\",\"urlTemplate\":\"https:\\\/\\\/www.ammirati.bz.it\\\/de\\\/?s={search_term_string}\"},\"query-input\":{\"@type\":\"PropertyValueSpecification\",\"valueRequired\":true,\"valueName\":\"search_term_string\"}}],\"inLanguage\":\"de-DE\"},{\"@type\":\"Organization\",\"@id\":\"https:\\\/\\\/www.ammirati.bz.it\\\/de\\\/#organization\",\"name\":\"Ammirati Bauunternehmen\",\"url\":\"https:\\\/\\\/www.ammirati.bz.it\\\/de\\\/\",\"logo\":{\"@type\":\"ImageObject\",\"inLanguage\":\"de-DE\",\"@id\":\"https:\\\/\\\/www.ammirati.bz.it\\\/de\\\/#\\\/schema\\\/logo\\\/image\\\/\",\"url\":\"https:\\\/\\\/www.ammirati.bz.it\\\/wp-content\\\/uploads\\\/2022\\\/02\\\/Ammirati-logo-web.png\",\"contentUrl\":\"https:\\\/\\\/www.ammirati.bz.it\\\/wp-content\\\/uploads\\\/2022\\\/02\\\/Ammirati-logo-web.png\",\"width\":388,\"height\":65,\"caption\":\"Ammirati Bauunternehmen\"},\"image\":{\"@id\":\"https:\\\/\\\/www.ammirati.bz.it\\\/de\\\/#\\\/schema\\\/logo\\\/image\\\/\"},\"sameAs\":[\"https:\\\/\\\/it-it.facebook.com\\\/impresaedileammiratisrl\\\/\"]}]}<\/script>\n<!-- \/ Yoast SEO plugin. -->","yoast_head_json":{"title":"Umbau B\u00fcros in Bozen - Ammirati Bauunternehmen","description":"Wenn Sie sich zu einem Umbau Ihrer B\u00fcros in Bozen und Umgebung entschieden haben, brauchen Sie den richtigen Partner wie die Ammirati GmbH.","robots":{"index":"index","follow":"follow","max-snippet":"max-snippet:-1","max-image-preview":"max-image-preview:large","max-video-preview":"max-video-preview:-1"},"canonical":"https:\/\/www.ammirati.bz.it\/de\/renovierung\/umbau-buros-bozen\/","og_locale":"de_DE","og_type":"article","og_title":"Umbau B\u00fcros in Bozen - Ammirati Bauunternehmen","og_description":"Wenn Sie sich zu einem Umbau Ihrer B\u00fcros in Bozen und Umgebung entschieden haben, brauchen Sie den richtigen Partner wie die Ammirati GmbH.","og_url":"https:\/\/www.ammirati.bz.it\/de\/renovierung\/umbau-buros-bozen\/","og_site_name":"Ammirati Bauunternehmen","article_publisher":"https:\/\/it-it.facebook.com\/impresaedileammiratisrl\/","article_modified_time":"2023-07-27T13:59:25+00:00","og_image":[{"width":1000,"height":715,"url":"https:\/\/www.ammirati.bz.it\/wp-content\/uploads\/2022\/02\/ammirati-riisanamenti.jpg","type":"image\/jpeg"}],"twitter_card":"summary_large_image","twitter_misc":{"Est. reading time":"2 minutes"},"schema":{"@context":"https:\/\/schema.org","@graph":[{"@type":"WebPage","@id":"https:\/\/www.ammirati.bz.it\/de\/renovierung\/umbau-buros-bozen\/","url":"https:\/\/www.ammirati.bz.it\/de\/renovierung\/umbau-buros-bozen\/","name":"Umbau B\u00fcros in Bozen - Ammirati Bauunternehmen","isPartOf":{"@id":"https:\/\/www.ammirati.bz.it\/de\/#website"},"datePublished":"2022-07-15T12:19:15+00:00","dateModified":"2023-07-27T13:59:25+00:00","description":"Wenn Sie sich zu einem Umbau Ihrer B\u00fcros in Bozen und Umgebung entschieden haben, brauchen Sie den richtigen Partner wie die Ammirati GmbH.","breadcrumb":{"@id":"https:\/\/www.ammirati.bz.it\/de\/renovierung\/umbau-buros-bozen\/#breadcrumb"},"inLanguage":"de-DE","potentialAction":[{"@type":"ReadAction","target":["https:\/\/www.ammirati.bz.it\/de\/renovierung\/umbau-buros-bozen\/"]}]},{"@type":"BreadcrumbList","@id":"https:\/\/www.ammirati.bz.it\/de\/renovierung\/umbau-buros-bozen\/#breadcrumb","itemListElement":[{"@type":"ListItem","position":1,"name":"Home","item":"https:\/\/www.ammirati.bz.it\/de\/"},{"@type":"ListItem","position":2,"name":"Renovierung und Sanierung","item":"https:\/\/www.ammirati.bz.it\/de\/ristrutturazione-e-risanamento\/"},{"@type":"ListItem","position":3,"name":"Umbau B\u00fcros in Bozen"}]},{"@type":"WebSite","@id":"https:\/\/www.ammirati.bz.it\/de\/#website","url":"https:\/\/www.ammirati.bz.it\/de\/","name":"Ammirati Bauunternehmen","description":"Costruzioni edili a Bolzano","publisher":{"@id":"https:\/\/www.ammirati.bz.it\/de\/#organization"},"potentialAction":[{"@type":"SearchAction","target":{"@type":"EntryPoint","urlTemplate":"https:\/\/www.ammirati.bz.it\/de\/?s={search_term_string}"},"query-input":{"@type":"PropertyValueSpecification","valueRequired":true,"valueName":"search_term_string"}}],"inLanguage":"de-DE"},{"@type":"Organization","@id":"https:\/\/www.ammirati.bz.it\/de\/#organization","name":"Ammirati Bauunternehmen","url":"https:\/\/www.ammirati.bz.it\/de\/","logo":{"@type":"ImageObject","inLanguage":"de-DE","@id":"https:\/\/www.ammirati.bz.it\/de\/#\/schema\/logo\/image\/","url":"https:\/\/www.ammirati.bz.it\/wp-content\/uploads\/2022\/02\/Ammirati-logo-web.png","contentUrl":"https:\/\/www.ammirati.bz.it\/wp-content\/uploads\/2022\/02\/Ammirati-logo-web.png","width":388,"height":65,"caption":"Ammirati Bauunternehmen"},"image":{"@id":"https:\/\/www.ammirati.bz.it\/de\/#\/schema\/logo\/image\/"},"sameAs":["https:\/\/it-it.facebook.com\/impresaedileammiratisrl\/"]}]}},"_links":{"self":[{"href":"https:\/\/www.ammirati.bz.it\/de\/wp-json\/wp\/v2\/pages\/3225","targetHints":{"allow":["GET"]}}],"collection":[{"href":"https:\/\/www.ammirati.bz.it\/de\/wp-json\/wp\/v2\/pages"}],"about":[{"href":"https:\/\/www.ammirati.bz.it\/de\/wp-json\/wp\/v2\/types\/page"}],"author":[{"embeddable":true,"href":"https:\/\/www.ammirati.bz.it\/de\/wp-json\/wp\/v2\/users\/2"}],"replies":[{"embeddable":true,"href":"https:\/\/www.ammirati.bz.it\/de\/wp-json\/wp\/v2\/comments?post=3225"}],"version-history":[{"count":0,"href":"https:\/\/www.ammirati.bz.it\/de\/wp-json\/wp\/v2\/pages\/3225\/revisions"}],"up":[{"embeddable":true,"href":"https:\/\/www.ammirati.bz.it\/de\/wp-json\/wp\/v2\/pages\/3081"}],"wp:attachment":[{"href":"https:\/\/www.ammirati.bz.it\/de\/wp-json\/wp\/v2\/media?parent=3225"}],"curies":[{"name":"wp","href":"https:\/\/api.w.org\/{rel}","templated":true}]}}