{"id":3223,"date":"2022-07-15T13:10:21","date_gmt":"2022-07-15T12:10:21","guid":{"rendered":"http:\/\/ammirati.bz.it\/?page_id=3223"},"modified":"2022-07-15T13:10:23","modified_gmt":"2022-07-15T12:10:23","slug":"schlusselfertige-renovierung-bozen","status":"publish","type":"page","link":"https:\/\/www.ammirati.bz.it\/de\/schlusselfertige-renovierung-bozen\/","title":{"rendered":"Schl\u00fcsselfertige Renovierung in Bozen"},"content":{"rendered":"\n<p>Sie planen eine Renovierung Ihres Hauses oder Ihrer Wohnung in und um Bozen? Dann brauchen Sie selbstverst\u00e4ndlich einen zuverl\u00e4ssigen Bauunternehmer, denn ganz sicher m\u00f6chten Sie sich nicht selbst um alle Gewerke und die Koordination der Arbeiten selbst k\u00fcmmern.&nbsp;<\/p>\n\n\n\n<p>Am besten ist es, mit einem erfahrenen Bauunternehmen einen Vertrag zur schl\u00fcsselfertigen \u00dcbergabe des Objektes am Ende der Renovierung zu vereinbaren. Das macht Ihnen den geringsten \u00c4rger und garantiert einen fristgerechten Einzug \u2026 oder?<\/p>\n\n\n\n<h2 class=\"wp-block-heading\">Was bedeutet eigentlich \u201cschl\u00fcsselfertig\u201d?<\/h2>\n\n\n\n<p>Fangen wir mit der schlechten Nachricht an: Der Begriff \u201cschl\u00fcsselfertig\u201d ist rechtlich nicht gesch\u00fctzt oder genau definiert. Jeder interpretiert ihn ein wenig anders. Haben Sie es jedoch mit einer seri\u00f6sen und erfahrenen Firma wie der Ammirati GmbH zu tun, k\u00f6nnen Sie sicher sein, dass hier der Begriff in Ihrem Sinne gesehen wird.&nbsp;<\/p>\n\n\n\n<p>Bei Ammirati m\u00f6chte man nur das Beste f\u00fcr seine Kunden. In diesem Fall bedeutet das, dass Sie zum angegebenen Termin Ihre Wohnung bzw. Ihr Haus vollkommen renoviert und grundgereinigt vorfinden. Sie nehmen, wie der Begriff ja eigentlich vermuten l\u00e4sst, einfach Ihren Schl\u00fcssel und k\u00f6nnen mit Sack und Pack, Mann und Maus (wieder) einziehen.<\/p>\n\n\n\n<h3 class=\"wp-block-heading\">Fristgerecht &#8211; ganz im Sinne des Kunden<\/h3>\n\n\n\n<p>Die besondere Kunst bei einer schl\u00fcsselfertigen Renovierung in Bozen oder sonstwo ist, zum vereinbarten Zeitpunkt fertig zu sein. Leider gibt es im Bau oft Verz\u00f6gerungen und Frist\u00fcberschreitungen &#8211; nicht so bei der Ammirati GmbH. Hier wird eine fristgerechte \u00dcbergabe an den Kunden besonders gro\u00df geschrieben. Dies ist auch dadurch nur m\u00f6glich, weil alle Arbeitsschritte durch das Unternehmen selbst durchgef\u00fchrt werden. Auf diese Weise hat man den besten Einfluss auf alle Abl\u00e4ufe und ist nicht von Dritten abh\u00e4ngig.<\/p>\n\n\n\n<h4 class=\"wp-block-heading\">Eine Esna-Soa-Qualifikation spricht f\u00fcr Qualit\u00e4t<\/h4>\n\n\n\n<p>Um in Italien Auftr\u00e4ge aus dem \u00f6ffentlichen Sektor erhalten zu k\u00f6nnen, die eine bestimmte Bausumme \u00fcberschreiten, muss man eine Esna-Soa Qualifikation haben. Dies birgt aber auch im Privatbau f\u00fcr Qualit\u00e4t und Zuverl\u00e4ssigkeit, denn nur wenn ein umfangreicher Anforderungskatalog erf\u00fcllt w\u00fcrde, erh\u00e4lt man das entsprechende Zertifikat. Hierbei sind Bankreferenzen ebenso wichtig, wie eine passende technische Bauleitung &#8211; also Aspekte, die sicherlich auch f\u00fcr Ihr Bauprojekt von Vorteil sind.<\/p>\n\n\n\n<h5 class=\"wp-block-heading\">F\u00fcr weitere Informationen zu unseren Leistungen kontaktieren Sie uns bitte direkt telefonisch oder per E-Mail!<\/h5>\n\n\n\n<h5 style=\"text-align: center;\"> <strong>Cel: <\/strong><a href=\"tel:0473690794\">0473 690794<\/a> <strong>E-mail:<\/strong> <a href=\"mailto:ammiratifra@yahoo.it\">ammiratifra@yahoo.it<\/h5>\n","protected":false},"excerpt":{"rendered":"<p>Sie planen eine Renovierung Ihres Hauses oder Ihrer Wohnung in und um Bozen? Dann brauchen Sie selbstverst\u00e4ndlich einen zuverl\u00e4ssigen Bauunternehmer, denn ganz sicher m\u00f6chten Sie sich nicht selbst um alle Gewerke und die Koordination der Arbeiten selbst k\u00fcmmern.&nbsp; Am besten ist es, mit einem erfahrenen Bauunternehmen einen Vertrag zur schl\u00fcsselfertigen \u00dcbergabe des Objektes am Ende [&hellip;]<\/p>\n","protected":false},"author":2,"featured_media":0,"parent":0,"menu_order":0,"comment_status":"closed","ping_status":"closed","template":"","meta":{"footnotes":""},"class_list":["post-3223","page","type-page","status-publish","hentry"],"yoast_head":"<!-- This site is optimized with the Yoast SEO plugin v27.5 - https:\/\/yoast.com\/product\/yoast-seo-wordpress\/ -->\n<title>Schl\u00fcsselfertige Renovierung in Bozen - Ammirati Bauunternehmen<\/title>\n<meta name=\"description\" content=\"Ammirati ist ein spezialisiertes Unternehmenauf schl\u00fcsselfertige Renovierung in Bozen. Besuchen Sie unsere Website f\u00fcr weitere Informationen!\" \/>\n<meta name=\"robots\" content=\"index, follow, max-snippet:-1, max-image-preview:large, max-video-preview:-1\" \/>\n<link rel=\"canonical\" href=\"https:\/\/www.ammirati.bz.it\/de\/schlusselfertige-renovierung-bozen\/\" \/>\n<meta property=\"og:locale\" content=\"de_DE\" \/>\n<meta property=\"og:type\" content=\"article\" \/>\n<meta property=\"og:title\" content=\"Schl\u00fcsselfertige Renovierung in Bozen - Ammirati Bauunternehmen\" \/>\n<meta property=\"og:description\" content=\"Ammirati ist ein spezialisiertes Unternehmenauf schl\u00fcsselfertige Renovierung in Bozen. Besuchen Sie unsere Website f\u00fcr weitere Informationen!\" \/>\n<meta property=\"og:url\" content=\"https:\/\/www.ammirati.bz.it\/de\/schlusselfertige-renovierung-bozen\/\" \/>\n<meta property=\"og:site_name\" content=\"Ammirati Bauunternehmen\" \/>\n<meta property=\"article:publisher\" content=\"https:\/\/it-it.facebook.com\/impresaedileammiratisrl\/\" \/>\n<meta property=\"article:modified_time\" content=\"2022-07-15T12:10:23+00:00\" \/>\n<meta property=\"og:image\" content=\"https:\/\/www.ammirati.bz.it\/wp-content\/uploads\/2022\/02\/ammirati-riisanamenti.jpg\" \/>\n\t<meta property=\"og:image:width\" content=\"1000\" \/>\n\t<meta property=\"og:image:height\" content=\"715\" \/>\n\t<meta property=\"og:image:type\" content=\"image\/jpeg\" \/>\n<meta name=\"twitter:card\" content=\"summary_large_image\" \/>\n<meta name=\"twitter:label1\" content=\"Est. reading time\" \/>\n\t<meta name=\"twitter:data1\" content=\"2 minutes\" \/>\n<script type=\"application\/ld+json\" class=\"yoast-schema-graph\">{\"@context\":\"https:\\\/\\\/schema.org\",\"@graph\":[{\"@type\":\"WebPage\",\"@id\":\"https:\\\/\\\/www.ammirati.bz.it\\\/de\\\/schlusselfertige-renovierung-bozen\\\/\",\"url\":\"https:\\\/\\\/www.ammirati.bz.it\\\/de\\\/schlusselfertige-renovierung-bozen\\\/\",\"name\":\"Schl\u00fcsselfertige Renovierung in Bozen - Ammirati Bauunternehmen\",\"isPartOf\":{\"@id\":\"https:\\\/\\\/www.ammirati.bz.it\\\/de\\\/#website\"},\"datePublished\":\"2022-07-15T12:10:21+00:00\",\"dateModified\":\"2022-07-15T12:10:23+00:00\",\"description\":\"Ammirati ist ein spezialisiertes Unternehmenauf schl\u00fcsselfertige Renovierung in Bozen. Besuchen Sie unsere Website f\u00fcr weitere Informationen!\",\"breadcrumb\":{\"@id\":\"https:\\\/\\\/www.ammirati.bz.it\\\/de\\\/schlusselfertige-renovierung-bozen\\\/#breadcrumb\"},\"inLanguage\":\"de-DE\",\"potentialAction\":[{\"@type\":\"ReadAction\",\"target\":[\"https:\\\/\\\/www.ammirati.bz.it\\\/de\\\/schlusselfertige-renovierung-bozen\\\/\"]}]},{\"@type\":\"BreadcrumbList\",\"@id\":\"https:\\\/\\\/www.ammirati.bz.it\\\/de\\\/schlusselfertige-renovierung-bozen\\\/#breadcrumb\",\"itemListElement\":[{\"@type\":\"ListItem\",\"position\":1,\"name\":\"Home\",\"item\":\"https:\\\/\\\/www.ammirati.bz.it\\\/de\\\/\"},{\"@type\":\"ListItem\",\"position\":2,\"name\":\"Schl\u00fcsselfertige Renovierung in Bozen\"}]},{\"@type\":\"WebSite\",\"@id\":\"https:\\\/\\\/www.ammirati.bz.it\\\/de\\\/#website\",\"url\":\"https:\\\/\\\/www.ammirati.bz.it\\\/de\\\/\",\"name\":\"Ammirati Bauunternehmen\",\"description\":\"Costruzioni edili a Bolzano\",\"publisher\":{\"@id\":\"https:\\\/\\\/www.ammirati.bz.it\\\/de\\\/#organization\"},\"potentialAction\":[{\"@type\":\"SearchAction\",\"target\":{\"@type\":\"EntryPoint\",\"urlTemplate\":\"https:\\\/\\\/www.ammirati.bz.it\\\/de\\\/?s={search_term_string}\"},\"query-input\":{\"@type\":\"PropertyValueSpecification\",\"valueRequired\":true,\"valueName\":\"search_term_string\"}}],\"inLanguage\":\"de-DE\"},{\"@type\":\"Organization\",\"@id\":\"https:\\\/\\\/www.ammirati.bz.it\\\/de\\\/#organization\",\"name\":\"Ammirati Bauunternehmen\",\"url\":\"https:\\\/\\\/www.ammirati.bz.it\\\/de\\\/\",\"logo\":{\"@type\":\"ImageObject\",\"inLanguage\":\"de-DE\",\"@id\":\"https:\\\/\\\/www.ammirati.bz.it\\\/de\\\/#\\\/schema\\\/logo\\\/image\\\/\",\"url\":\"https:\\\/\\\/www.ammirati.bz.it\\\/wp-content\\\/uploads\\\/2022\\\/02\\\/Ammirati-logo-web.png\",\"contentUrl\":\"https:\\\/\\\/www.ammirati.bz.it\\\/wp-content\\\/uploads\\\/2022\\\/02\\\/Ammirati-logo-web.png\",\"width\":388,\"height\":65,\"caption\":\"Ammirati Bauunternehmen\"},\"image\":{\"@id\":\"https:\\\/\\\/www.ammirati.bz.it\\\/de\\\/#\\\/schema\\\/logo\\\/image\\\/\"},\"sameAs\":[\"https:\\\/\\\/it-it.facebook.com\\\/impresaedileammiratisrl\\\/\"]}]}<\/script>\n<!-- \/ Yoast SEO plugin. -->","yoast_head_json":{"title":"Schl\u00fcsselfertige Renovierung in Bozen - Ammirati Bauunternehmen","description":"Ammirati ist ein spezialisiertes Unternehmenauf schl\u00fcsselfertige Renovierung in Bozen. Besuchen Sie unsere Website f\u00fcr weitere Informationen!","robots":{"index":"index","follow":"follow","max-snippet":"max-snippet:-1","max-image-preview":"max-image-preview:large","max-video-preview":"max-video-preview:-1"},"canonical":"https:\/\/www.ammirati.bz.it\/de\/schlusselfertige-renovierung-bozen\/","og_locale":"de_DE","og_type":"article","og_title":"Schl\u00fcsselfertige Renovierung in Bozen - Ammirati Bauunternehmen","og_description":"Ammirati ist ein spezialisiertes Unternehmenauf schl\u00fcsselfertige Renovierung in Bozen. Besuchen Sie unsere Website f\u00fcr weitere Informationen!","og_url":"https:\/\/www.ammirati.bz.it\/de\/schlusselfertige-renovierung-bozen\/","og_site_name":"Ammirati Bauunternehmen","article_publisher":"https:\/\/it-it.facebook.com\/impresaedileammiratisrl\/","article_modified_time":"2022-07-15T12:10:23+00:00","og_image":[{"width":1000,"height":715,"url":"https:\/\/www.ammirati.bz.it\/wp-content\/uploads\/2022\/02\/ammirati-riisanamenti.jpg","type":"image\/jpeg"}],"twitter_card":"summary_large_image","twitter_misc":{"Est. reading time":"2 minutes"},"schema":{"@context":"https:\/\/schema.org","@graph":[{"@type":"WebPage","@id":"https:\/\/www.ammirati.bz.it\/de\/schlusselfertige-renovierung-bozen\/","url":"https:\/\/www.ammirati.bz.it\/de\/schlusselfertige-renovierung-bozen\/","name":"Schl\u00fcsselfertige Renovierung in Bozen - Ammirati Bauunternehmen","isPartOf":{"@id":"https:\/\/www.ammirati.bz.it\/de\/#website"},"datePublished":"2022-07-15T12:10:21+00:00","dateModified":"2022-07-15T12:10:23+00:00","description":"Ammirati ist ein spezialisiertes Unternehmenauf schl\u00fcsselfertige Renovierung in Bozen. Besuchen Sie unsere Website f\u00fcr weitere Informationen!","breadcrumb":{"@id":"https:\/\/www.ammirati.bz.it\/de\/schlusselfertige-renovierung-bozen\/#breadcrumb"},"inLanguage":"de-DE","potentialAction":[{"@type":"ReadAction","target":["https:\/\/www.ammirati.bz.it\/de\/schlusselfertige-renovierung-bozen\/"]}]},{"@type":"BreadcrumbList","@id":"https:\/\/www.ammirati.bz.it\/de\/schlusselfertige-renovierung-bozen\/#breadcrumb","itemListElement":[{"@type":"ListItem","position":1,"name":"Home","item":"https:\/\/www.ammirati.bz.it\/de\/"},{"@type":"ListItem","position":2,"name":"Schl\u00fcsselfertige Renovierung in Bozen"}]},{"@type":"WebSite","@id":"https:\/\/www.ammirati.bz.it\/de\/#website","url":"https:\/\/www.ammirati.bz.it\/de\/","name":"Ammirati Bauunternehmen","description":"Costruzioni edili a Bolzano","publisher":{"@id":"https:\/\/www.ammirati.bz.it\/de\/#organization"},"potentialAction":[{"@type":"SearchAction","target":{"@type":"EntryPoint","urlTemplate":"https:\/\/www.ammirati.bz.it\/de\/?s={search_term_string}"},"query-input":{"@type":"PropertyValueSpecification","valueRequired":true,"valueName":"search_term_string"}}],"inLanguage":"de-DE"},{"@type":"Organization","@id":"https:\/\/www.ammirati.bz.it\/de\/#organization","name":"Ammirati Bauunternehmen","url":"https:\/\/www.ammirati.bz.it\/de\/","logo":{"@type":"ImageObject","inLanguage":"de-DE","@id":"https:\/\/www.ammirati.bz.it\/de\/#\/schema\/logo\/image\/","url":"https:\/\/www.ammirati.bz.it\/wp-content\/uploads\/2022\/02\/Ammirati-logo-web.png","contentUrl":"https:\/\/www.ammirati.bz.it\/wp-content\/uploads\/2022\/02\/Ammirati-logo-web.png","width":388,"height":65,"caption":"Ammirati Bauunternehmen"},"image":{"@id":"https:\/\/www.ammirati.bz.it\/de\/#\/schema\/logo\/image\/"},"sameAs":["https:\/\/it-it.facebook.com\/impresaedileammiratisrl\/"]}]}},"_links":{"self":[{"href":"https:\/\/www.ammirati.bz.it\/de\/wp-json\/wp\/v2\/pages\/3223","targetHints":{"allow":["GET"]}}],"collection":[{"href":"https:\/\/www.ammirati.bz.it\/de\/wp-json\/wp\/v2\/pages"}],"about":[{"href":"https:\/\/www.ammirati.bz.it\/de\/wp-json\/wp\/v2\/types\/page"}],"author":[{"embeddable":true,"href":"https:\/\/www.ammirati.bz.it\/de\/wp-json\/wp\/v2\/users\/2"}],"replies":[{"embeddable":true,"href":"https:\/\/www.ammirati.bz.it\/de\/wp-json\/wp\/v2\/comments?post=3223"}],"version-history":[{"count":0,"href":"https:\/\/www.ammirati.bz.it\/de\/wp-json\/wp\/v2\/pages\/3223\/revisions"}],"wp:attachment":[{"href":"https:\/\/www.ammirati.bz.it\/de\/wp-json\/wp\/v2\/media?parent=3223"}],"curies":[{"name":"wp","href":"https:\/\/api.w.org\/{rel}","templated":true}]}}